{"id":10,"date":"2018-08-07T10:50:19","date_gmt":"2018-08-07T10:50:19","guid":{"rendered":"https:\/\/nordboegge.info\/?page_id=10"},"modified":"2025-07-19T12:21:03","modified_gmt":"2025-07-19T10:21:03","slug":"haus-boegge","status":"publish","type":"page","link":"https:\/\/nordboegge.info\/?page_id=10","title":{"rendered":"Haus B\u00f6gge"},"content":{"rendered":"\n<div class=\"wp-block-buttons is-horizontal is-content-justification-center is-layout-flex wp-container-core-buttons-is-layout-b618d73c wp-block-buttons-is-layout-flex\">\n<div class=\"wp-block-button is-style-outline is-style-outline--1\"><a class=\"wp-block-button__link wp-element-button\" href=\"https:\/\/nordboegge.info\/?page_id=263\">&lt;-<\/a><\/div>\n\n\n\n<div class=\"wp-block-button is-style-outline is-style-outline--2\"><a class=\"wp-block-button__link wp-element-button\" href=\"https:\/\/nordboegge.info\/?page_id=19\">^<\/a><\/div>\n\n\n\n<div class=\"wp-block-button is-style-outline is-style-outline--3\"><a class=\"wp-block-button__link wp-element-button\" href=\"https:\/\/nordboegge.info\/?page_id=259\">-&gt;<\/a><\/div>\n<\/div>\n\n\n\n<p class=\"wp-block-paragraph\"><\/p>\n\n\n\n<figure class=\"wp-block-image\"><img loading=\"lazy\" decoding=\"async\" width=\"700\" height=\"525\" src=\"https:\/\/nordboegge.info\/wp-content\/uploads\/2018\/09\/4213754.jpg\" alt=\"\" class=\"wp-image-406\" srcset=\"https:\/\/nordboegge.info\/wp-content\/uploads\/2018\/09\/4213754.jpg 700w, https:\/\/nordboegge.info\/wp-content\/uploads\/2018\/09\/4213754-300x225.jpg 300w, https:\/\/nordboegge.info\/wp-content\/uploads\/2018\/09\/4213754-520x390.jpg 520w\" sizes=\"auto, (max-width: 700px) 100vw, 700px\" \/><\/figure>\n\n\n<p><strong>Wenn W\u00e4nde reden k\u00f6nnten, was h\u00e4tte das Haus B\u00f6gge in B\u00f6nen zu erz\u00e4hlen? Mehrfacher Abriss, Umbau, Zwangsversteigerungen &#8211; das Geb\u00e4ude hat eine bewegte Geschichte.<\/strong><\/p>\n<p>Welche Schicksale hat das Haus miterlebt? Fr\u00f6hliches Kinderlachen, z\u00e4rtliches Liebesgefl\u00fcster oder auch Verzweiflung? Und wenn es sprechen k\u00f6nnte: W\u00e4re es sich seiner langen Tradition bewusst?<\/p>\n<p>Auf jeden Fall kann es auch eine<b> lange Geschichte<\/b> zur\u00fcckblicken: \u201eDas Haus B\u00f6gge ist eine der Wurzeln von B\u00f6nen\u201c, erkl\u00e4rt Stadtarchivarin Barbara B\u00f6rste. Vermutlich im 13. Jh. erfolgte der Ausbau des Sattel- und Oberhofs B\u00f6gge zur Wasserburg, wohl eher zu einem befestigten Haus. Im 17. Jh. lie\u00dfen die damaligen Besitzer auf der zu einer Insel ungestalteten Motte in deren Westteil ein Renaissance-Schloss errichten.<\/p>\n\n\n<h2 class=\"wp-block-heading\">Zahlreiche Besitzerwechsel<\/h2>\n\n\n<div class=\"wp-block-image is-resized\">\n<figure class=\"alignleft\"><img loading=\"lazy\" decoding=\"async\" width=\"1204\" height=\"934\" src=\"https:\/\/nordboegge.info\/wp-content\/uploads\/2018\/09\/Haus_Boegge_in_B\u00f6nen.jpg\" alt=\"\" class=\"wp-image-403\" srcset=\"https:\/\/nordboegge.info\/wp-content\/uploads\/2018\/09\/Haus_Boegge_in_B\u00f6nen.jpg 1204w, https:\/\/nordboegge.info\/wp-content\/uploads\/2018\/09\/Haus_Boegge_in_B\u00f6nen-300x233.jpg 300w, https:\/\/nordboegge.info\/wp-content\/uploads\/2018\/09\/Haus_Boegge_in_B\u00f6nen-768x596.jpg 768w, https:\/\/nordboegge.info\/wp-content\/uploads\/2018\/09\/Haus_Boegge_in_B\u00f6nen-1024x794.jpg 1024w, https:\/\/nordboegge.info\/wp-content\/uploads\/2018\/09\/Haus_Boegge_in_B\u00f6nen-520x403.jpg 520w, https:\/\/nordboegge.info\/wp-content\/uploads\/2018\/09\/Haus_Boegge_in_B\u00f6nen-740x574.jpg 740w\" sizes=\"auto, (max-width: 1204px) 100vw, 1204px\" \/><figcaption class=\"wp-element-caption\"> Haus B\u00f6gge auf einer Lithografie von 1857\/59 <\/figcaption><\/figure>\n<\/div>\n\n\n<p class=\"wp-block-paragraph\">Meist werden Herren- und Gutsh\u00e4user, Schl\u00f6sser und Burgen eher unter den \u201eBlaubl\u00fctigen\u201c vererbt als verkauft. Doch Haus B\u00f6gge wurde im Laufe seiner Geschichte <strong>mehrfach ver\u00e4u\u00dfert<\/strong>. Nicht immer freiwillig: Der damalige Hausherr Wennemar Georg hatte w\u00e4hrend des 30-j\u00e4hrigen Krieges seine Lehenspflichten gegen\u00fcber dem Kloster Werden durch Untreue und Schulden so verletzt, dass die Lehensg\u00fcter entweder verpf\u00e4ndet, verhypotesiert oder ver\u00e4u\u00dfert waren, und zwar ohne Zustimmung oder auch nur das Wissen des Abtes. Wennemar wurde das Lehen entzogen und B\u00f6gge gelangte an die Familie von Dombrock.<\/p>\n\n\n\n<h2 class=\"wp-block-heading\">Zwangsversteigerung des Hauses<\/h2>\n\n\n<div class=\"wp-block-image is-resized\">\n<figure class=\"alignright\"><img loading=\"lazy\" decoding=\"async\" width=\"1093\" height=\"689\" src=\"https:\/\/nordboegge.info\/wp-content\/uploads\/2018\/09\/21-09-2018-12-24-25.jpg\" alt=\"\" class=\"wp-image-404\" srcset=\"https:\/\/nordboegge.info\/wp-content\/uploads\/2018\/09\/21-09-2018-12-24-25.jpg 1093w, https:\/\/nordboegge.info\/wp-content\/uploads\/2018\/09\/21-09-2018-12-24-25-300x189.jpg 300w, https:\/\/nordboegge.info\/wp-content\/uploads\/2018\/09\/21-09-2018-12-24-25-768x484.jpg 768w, https:\/\/nordboegge.info\/wp-content\/uploads\/2018\/09\/21-09-2018-12-24-25-1024x646.jpg 1024w, https:\/\/nordboegge.info\/wp-content\/uploads\/2018\/09\/21-09-2018-12-24-25-520x328.jpg 520w, https:\/\/nordboegge.info\/wp-content\/uploads\/2018\/09\/21-09-2018-12-24-25-740x466.jpg 740w\" sizes=\"auto, (max-width: 1093px) 100vw, 1093px\" \/><\/figure>\n<\/div>\n\n\n<p class=\"wp-block-paragraph\">\u201eBeim wohl spektakul\u00e4rsten Verkauf handelte es sich um eine <strong>Zwangsversteigerung im Jahre 1785<\/strong>\u201c, verr\u00e4t Heimatforscher Dr. Josef Cornelissen, der sich mit der Geschichte von Haus B\u00f6gge besch\u00e4ftigt hat. Nachdem es zuvor schon jahrelang zu Zwistigkeiten zwischen den Familien der Hugenpoth und von Dombrock kam, entspann sich mit dem Tod Carl Joseph von Dombrock 1756 erneut ein Streit zwischen den Erben. Der folgende lange und kostspielige Rechtsstreit endete 1785 mit der Zwangsversteigerung B\u00f6gges und des Nordhofes. F\u00fcr 40.950 Reichstaler ersteigerte Freiherr Gisbert Heinrich Ludwig von Plettenberg zur Heyden die mittlerweile vom Lehen befreiten G\u00fcter. Ob sich das Schloss, k\u00f6nnte es reden, \u00fcber diesen Wechsel gefreut hatte?<\/p>\n\n\n\n<p class=\"wp-block-paragraph\">Bereits gegen Ende des 18. und zu Beginn des 19. Jh. wurden die auf B\u00f6gge vorhandenen Geb\u00e4ude, ausgenommen das Tor, abgebrochen. Haus B\u00f6gge wechselte im Laufe der Zeit mehrfach die Besitzer, bis es 1965 durch Heirat in den Besitz des Landwirt Wilhelm Bockholt kam, der das Schloss 1969 an Dr. Friedemar Lorenz verkaufte. Das Gutshaus war noch bis nach 1980 bewohnt, verfiel dann jedoch immer mehr und wurde 1985 abgerissen. Nach dem Tod von Dr. Lorenz im M\u00e4rz 1994 \u00fcbernahmen seine beiden Neffen, Johannes und Christian Kahl, Haus B\u00f6gge und renovierten es zum gr\u00f6\u00dften Teil. 2011 erwarb der Unternehmer Schaumann das Geb\u00e4ude.<\/p>\n\n\n<div class=\"wp-block-image is-resized\">\n<figure class=\"alignleft\"><img loading=\"lazy\" decoding=\"async\" width=\"800\" height=\"600\" src=\"https:\/\/nordboegge.info\/wp-content\/uploads\/2018\/09\/Heeren-Werve-_Torbogen_Haus_B\u00f6gge.jpg\" alt=\"\" class=\"wp-image-407\" srcset=\"https:\/\/nordboegge.info\/wp-content\/uploads\/2018\/09\/Heeren-Werve-_Torbogen_Haus_B\u00f6gge.jpg 800w, https:\/\/nordboegge.info\/wp-content\/uploads\/2018\/09\/Heeren-Werve-_Torbogen_Haus_B\u00f6gge-300x225.jpg 300w, https:\/\/nordboegge.info\/wp-content\/uploads\/2018\/09\/Heeren-Werve-_Torbogen_Haus_B\u00f6gge-768x576.jpg 768w, https:\/\/nordboegge.info\/wp-content\/uploads\/2018\/09\/Heeren-Werve-_Torbogen_Haus_B\u00f6gge-520x390.jpg 520w, https:\/\/nordboegge.info\/wp-content\/uploads\/2018\/09\/Heeren-Werve-_Torbogen_Haus_B\u00f6gge-740x555.jpg 740w\" sizes=\"auto, (max-width: 800px) 100vw, 800px\" \/><figcaption class=\"wp-element-caption\"> <br>Denkmalgesch\u00fctzter Torbogen einer Hofzufahrt aus dem 16. Jhd an der Heerener Stra\u00dfe im Kamener Ortsteil Heeren-Werve. Dieser Torbogen wurde 1969 von Haus B\u00f6gge,&nbsp; einem Herrensitz in B\u00f6nen, an diesen Standort versetzt. <\/figcaption><\/figure>\n<\/div>\n\n\n<p class=\"wp-block-paragraph\">Das <strong>Tor <\/strong>steht heute vor dem Schloss Heeren (da im Besitz der Familie Plettenberg). Es ist das \u00e4lteste noch erhaltene Teil der langen Geschichte, auf die das Haus B\u00f6gge zur\u00fcckblicken kann.<\/p>\n\n\n\n<p class=\"wp-block-paragraph\"><br><\/p>\n\n\n<div class=\"wp-block-image is-resized\">\n<figure class=\"aligncenter\"><img loading=\"lazy\" decoding=\"async\" width=\"571\" height=\"829\" src=\"https:\/\/nordboegge.info\/wp-content\/uploads\/2018\/09\/21-09-2018-12-27-07.jpg\" alt=\"\" class=\"wp-image-405\" srcset=\"https:\/\/nordboegge.info\/wp-content\/uploads\/2018\/09\/21-09-2018-12-27-07.jpg 571w, https:\/\/nordboegge.info\/wp-content\/uploads\/2018\/09\/21-09-2018-12-27-07-207x300.jpg 207w, https:\/\/nordboegge.info\/wp-content\/uploads\/2018\/09\/21-09-2018-12-27-07-520x755.jpg 520w\" sizes=\"auto, (max-width: 571px) 100vw, 571px\" \/><figcaption class=\"wp-element-caption\"> Das Tor ist der \u00e4lteste Teil des Geb\u00e4udes.<br>(Foto: Stadtarchiv B\u00f6nen) <\/figcaption><\/figure>\n<\/div>\n\n\n<p class=\"wp-block-paragraph\">Wenn W\u00e4nde doch reden k\u00f6nnten&#8230;<\/p>\n","protected":false},"excerpt":{"rendered":"<p>Wenn W\u00e4nde reden k\u00f6nnten, was h\u00e4tte das Haus B\u00f6gge in B\u00f6nen zu erz\u00e4hlen? Mehrfacher Abriss, Umbau, Zwangsversteigerungen &#8211; das Geb\u00e4ude hat eine bewegte Geschichte. Welche Schicksale hat das Haus miterlebt? Fr\u00f6hliches Kinderlachen, z\u00e4rtliches Liebesgefl\u00fcster oder auch Verzweiflung? Und wenn es &hellip; <a href=\"https:\/\/nordboegge.info\/?page_id=10\">Weiterlesen <span class=\"meta-nav\">&rarr;<\/span><\/a><\/p>\n","protected":false},"author":4,"featured_media":0,"parent":19,"menu_order":0,"comment_status":"closed","ping_status":"closed","template":"","meta":{"_crdt_document":"","footnotes":""},"class_list":["post-10","page","type-page","status-publish","hentry"],"_links":{"self":[{"href":"https:\/\/nordboegge.info\/index.php?rest_route=\/wp\/v2\/pages\/10","targetHints":{"allow":["GET"]}}],"collection":[{"href":"https:\/\/nordboegge.info\/index.php?rest_route=\/wp\/v2\/pages"}],"about":[{"href":"https:\/\/nordboegge.info\/index.php?rest_route=\/wp\/v2\/types\/page"}],"author":[{"embeddable":true,"href":"https:\/\/nordboegge.info\/index.php?rest_route=\/wp\/v2\/users\/4"}],"replies":[{"embeddable":true,"href":"https:\/\/nordboegge.info\/index.php?rest_route=%2Fwp%2Fv2%2Fcomments&post=10"}],"version-history":[{"count":2,"href":"https:\/\/nordboegge.info\/index.php?rest_route=\/wp\/v2\/pages\/10\/revisions"}],"predecessor-version":[{"id":1272,"href":"https:\/\/nordboegge.info\/index.php?rest_route=\/wp\/v2\/pages\/10\/revisions\/1272"}],"up":[{"embeddable":true,"href":"https:\/\/nordboegge.info\/index.php?rest_route=\/wp\/v2\/pages\/19"}],"wp:attachment":[{"href":"https:\/\/nordboegge.info\/index.php?rest_route=%2Fwp%2Fv2%2Fmedia&parent=10"}],"curies":[{"name":"wp","href":"https:\/\/api.w.org\/{rel}","templated":true}]}}