{"id":12,"date":"2018-08-07T10:52:11","date_gmt":"2018-08-07T10:52:11","guid":{"rendered":"https:\/\/nordboegge.info\/?page_id=12"},"modified":"2025-07-19T12:19:36","modified_gmt":"2025-07-19T10:19:36","slug":"lindenplatz","status":"publish","type":"page","link":"https:\/\/nordboegge.info\/?page_id=12","title":{"rendered":"Lindenplatz"},"content":{"rendered":"\n<div class=\"wp-block-buttons is-horizontal is-content-justification-center is-layout-flex wp-container-core-buttons-is-layout-b618d73c wp-block-buttons-is-layout-flex\">\n<div class=\"wp-block-button is-style-outline is-style-outline--1\"><a class=\"wp-block-button__link wp-element-button\" href=\"https:\/\/nordboegge.info\/?page_id=251\">&lt;-<\/a><\/div>\n\n\n\n<div class=\"wp-block-button is-style-outline is-style-outline--2\"><a class=\"wp-block-button__link wp-element-button\" href=\"https:\/\/nordboegge.info\/?page_id=19\">^<\/a><\/div>\n\n\n\n<div class=\"wp-block-button is-style-outline is-style-outline--3\"><a class=\"wp-block-button__link wp-element-button\" href=\"https:\/\/nordboegge.info\/?page_id=263\">-&gt;<\/a><\/div>\n<\/div>\n\n\n\n<p class=\"wp-block-paragraph\"><\/p>\n\n\n\n<p class=\"wp-block-paragraph\"><strong>Der Name Lindenplatz<\/strong><\/p>\n\n\n\n<p class=\"wp-block-paragraph\">F\u00fcr die Namensgebung des Lindenplatzes gibt es zwei Vermutungen:<br>&nbsp;&nbsp; Die erste ist, dass er nach zwei Linden benannt wurde die ehemals vor dem \u201eRoten Haus\u201c im Nordwesten standen.<br>&nbsp;&nbsp; Die zweite Variante besagt, dass es sich bei diesem Platz einst um den Waschplatz des Dorfes handelte, an welchem \u201edas Leinen (Linnen oder fr\u00fcher Linen)\u201c gewaschen wurde. Mit der Zeit k\u00f6nnte dann aus \u201eLin(n)en &#8211; der Lindenplatz\u201c geworden sein.<br><br><\/p>\n\n\n\n<p class=\"wp-block-paragraph\"><strong>Die Ro\u00dfkastanie<\/strong><\/p>\n\n\n<div class=\"wp-block-image is-resized\">\n<figure class=\"alignleft\"><img loading=\"lazy\" decoding=\"async\" width=\"398\" height=\"231\" src=\"https:\/\/nordboegge.info\/wp-content\/uploads\/2018\/08\/kastanie.png\" alt=\"\" class=\"wp-image-344\" srcset=\"https:\/\/nordboegge.info\/wp-content\/uploads\/2018\/08\/kastanie.png 398w, https:\/\/nordboegge.info\/wp-content\/uploads\/2018\/08\/kastanie-300x174.png 300w\" sizes=\"auto, (max-width: 398px) 100vw, 398px\" \/><figcaption class=\"wp-element-caption\"> Die \u201eblaubl\u00fctige\u201c Ro\u00dfkastanie. <\/figcaption><\/figure>\n<\/div>\n\n\n<p class=\"wp-block-paragraph\">Vor Haus Nr.16 steht eine von urspr\u00fcnglich 2 Ro\u00dfkastanien, die anl\u00e4sslich ihres Alters als Naturdenkmal ausgewiesen ist. Viele H\u00f6fe wurden seinerzeit mit einem Hausbaum errichtet. Die Ro\u00dfkastanie gilt als \u201eblaubl\u00fctiger Baum\u201c, denn im Holz befindet sich ein Stoff (Aesculin), welcher zusammen mit Wasser bl\u00e4ulich schimmert.<br><br><\/p>\n\n\n\n<p class=\"wp-block-paragraph\"><strong>Die Steinplatten<\/strong><\/p>\n\n\n<div class=\"wp-block-image is-resized\">\n<figure class=\"alignright\"><img loading=\"lazy\" decoding=\"async\" width=\"293\" height=\"179\" src=\"https:\/\/nordboegge.info\/wp-content\/uploads\/2018\/08\/grabstein.jpg\" alt=\"\" class=\"wp-image-346\"\/><figcaption class=\"wp-element-caption\"> Ein Grabstein von Haus B\u00f6gge. <\/figcaption><\/figure>\n<\/div>\n\n\n<p class=\"wp-block-paragraph\">Die auf dem Lindenplatz befindlichen Steinplatten tragen die Inschriften der vormaligen Bewohner des Hauses B\u00f6gge. Urspr\u00fcnglich lagen sie auf dem Privatfriedhof \u201eIm Bremmen\u201c, n\u00f6rdlich der Eichenallee in der Verl\u00e4ngerung des Schmerh\u00f6feler Weges. Um Sie zu erhalten liegt ein Teil am Haus B\u00f6gge, ein anderer hier auf dem Lindenplatz.<br><br><\/p>\n\n\n\n<p class=\"wp-block-paragraph\"><strong>Die Friedenseiche und das Kriegerdenkmal<\/strong><\/p>\n\n\n<div class=\"wp-block-image\">\n<figure class=\"aligncenter size-full\"><img loading=\"lazy\" decoding=\"async\" width=\"600\" height=\"350\" src=\"https:\/\/nordboegge.info\/wp-content\/uploads\/2025\/07\/denkmal-renoviert.jpg\" alt=\"\" class=\"wp-image-1241\" srcset=\"https:\/\/nordboegge.info\/wp-content\/uploads\/2025\/07\/denkmal-renoviert.jpg 600w, https:\/\/nordboegge.info\/wp-content\/uploads\/2025\/07\/denkmal-renoviert-300x175.jpg 300w\" sizes=\"auto, (max-width: 600px) 100vw, 600px\" \/><figcaption class=\"wp-element-caption\">Das Kriegerdenkmal mit renovierten Steintafeln.<\/figcaption><\/figure>\n<\/div>\n\n\n<p class=\"wp-block-paragraph\">Pr\u00e4gend f\u00fcr den Lindenplatz ist aber die \u201eFriedenseiche\u201c an der Nordseite. Wie der Gedenkstein \u2013 mittlerweile schlecht leserlich &#8211; ausweist wurde sie ungef\u00e4hr im Jahre 1890 &#8211; anl\u00e4sslich des Deutsch-Franz\u00f6sischen Krieges 1870\/71 gepflanzt.<br>Allein der Wunsch nach Frieden wurde mit dem 1. Weltkrieg j\u00e4h zerst\u00f6rt und ein zweites \u201eKriegerdenkmal\u201c mit den Namen der gefallenen V\u00e4ter und S\u00f6hne Nordb\u00f6gges wurde um 1920 errichtet. Urspr\u00fcglich waren die Steinplatten mit den Namen auf dem Nordb\u00f6gger Friedhof und wurden im 2. Weltkrieg an den Lindenplatz umgezogen und mit den Namen der hier Gefallenen erg\u00e4nzt.<br>Sonne, Wind, Eis und Regen haben den schweren Steintafeln im Laufe der Jahre schwer zugesetzt. Viele der Namen waren arg verwittert und kaum noch lesbar. Mit Hilfe der Gemeinde B\u00f6nen und der Sparkasse Bergkamen-B\u00f6nen konnte das Ehrenmal 2018 renoviert und erhalten bleiben.<br>Es dient seit vielen Jahrzehnten als Mahnmal und erinnert die Nordb\u00f6gger j\u00e4hrlich zu den entsprechenden Gedenk- und Feiertagen an hoffentlich viele weitere friedliche Jahre im Schatten der B\u00e4ume.<br><br><\/p>\n\n\n\n<p class=\"wp-block-paragraph\"><strong>Das Rote Haus<\/strong><\/p>\n\n\n<div class=\"wp-block-image\">\n<figure class=\"alignleft size-full\"><img loading=\"lazy\" decoding=\"async\" width=\"214\" height=\"244\" src=\"https:\/\/nordboegge.info\/wp-content\/uploads\/2025\/07\/rote-haus.jpg\" alt=\"\" class=\"wp-image-1269\"\/><figcaption class=\"wp-element-caption\">Das \u201erote Huis\u201c noch mit Walmdach.<\/figcaption><\/figure>\n<\/div>\n\n\n<p class=\"wp-block-paragraph\">An der nordwestlichen Seite steht das sog. \u201eRote Haus\u201c (Rothuis). Es ist eines der ersten Geb\u00e4ude, welches vollst\u00e4ndig aus Ziegeln aus der urspr\u00fcnglich s\u00fcdlich des Lindenplatzes gelegenen Ziegelei erbaut wurde und wird schon im 16 Jahrhundert erw\u00e4hnt. <br>Es befand sich darin der sogenannte \u201eFreizapf\u201c. Hier durfte steuerfrei Bier gebraut und Schnaps gebrannt und ausgeschenkt werden. Das Recht dieser \u201efreien Accise\u201c war ein adeliges Recht, welches mit dem Haus B\u00f6gge verbunden war.<br><\/p>\n\n\n\n<p class=\"wp-block-paragraph\"><\/p>\n\n\n\n<p class=\"wp-block-paragraph\"><br><\/p>\n\n\n\n<p class=\"wp-block-paragraph\"><strong>Das K\u00f6tterhaus mit der Querdeele<\/strong><\/p>\n\n\n<div class=\"wp-block-image\">\n<figure class=\"alignright\"><img loading=\"lazy\" decoding=\"async\" width=\"324\" height=\"243\" src=\"https:\/\/nordboegge.info\/wp-content\/uploads\/2018\/08\/koetterhaus.jpg\" alt=\"\" class=\"wp-image-348\" srcset=\"https:\/\/nordboegge.info\/wp-content\/uploads\/2018\/08\/koetterhaus.jpg 324w, https:\/\/nordboegge.info\/wp-content\/uploads\/2018\/08\/koetterhaus-300x225.jpg 300w\" sizes=\"auto, (max-width: 324px) 100vw, 324px\" \/><figcaption class=\"wp-element-caption\">Das Fachwerkger\u00fcst wird am Lindenplatz gezimmert.\u201c<\/figcaption><\/figure>\n<\/div>\n\n\n<p class=\"wp-block-paragraph\">N\u00f6rdlich des Lindenplatzes steht das Haus Nr.18, welches historisch gar nicht dorthin geh\u00f6rte. Es war beheimatet im Ortsteil Bramey und sollte dort abgerissen werden. Denkmalschutz und die M\u00f6glichkeit es an anderer Stelle wieder aufzubauen (zu translozieren), brachten das K\u00f6tterhaus mit der \u201eQuerdeele\u201c im Jahre 2012 an den Lindenplatz. Die Querdeele wei\u00dft als Baujahr 1879 aus. Ein wesentlich \u00e4lteres Baujahr ist denkbar. <br><br><\/p>\n\n\n\n<p class=\"wp-block-paragraph\"><strong>Lindenplatz 16 &#8211; Gastwirtschaft, Schule, Bauernhof<\/strong><\/p>\n\n\n<div class=\"wp-block-image\">\n<figure class=\"alignleft\"><img loading=\"lazy\" decoding=\"async\" width=\"327\" height=\"245\" src=\"https:\/\/nordboegge.info\/wp-content\/uploads\/2018\/08\/denkmal.jpg\" alt=\"\" class=\"wp-image-349\" srcset=\"https:\/\/nordboegge.info\/wp-content\/uploads\/2018\/08\/denkmal.jpg 327w, https:\/\/nordboegge.info\/wp-content\/uploads\/2018\/08\/denkmal-300x225.jpg 300w\" sizes=\"auto, (max-width: 327px) 100vw, 327px\" \/><figcaption class=\"wp-element-caption\"> \u201eDas Kriegerdenkmal und Nr.16. <\/figcaption><\/figure>\n<\/div>\n\n\n<p class=\"wp-block-paragraph\">Nord\u00f6stlich des Lindenplatzes befindet sich ein 1860 erbautes Bauernhaus (Nr.16). Ab 1864 wurde im Anbau ein Saal errichtet in welchem der Sch\u00fctzenverein Nordb\u00f6gge 1851 e.V. feierte. Das Haus diente im 2. Weltkrieg aber neben dem landwirtschaftlichem Betrieb und der Gastwirtschaft auch als Schule. <br>Wie die meisten Hofstellen in Norb\u00f6gge &#8211; die zumeist wesentlich \u00e4lter waren als das Baujahr der H\u00e4user &#8211; waren diese seit jeher \u201eVorwerke\u201c des Hauses B\u00f6gge und als solche (zum Cuniberti Tag) abgabepflichtig gegen\u00fcber den Gutsherren auf Haus B\u00f6gge. F\u00fcr den westlich gelegene Hof Bennemann (Hausnummer 9) und die damaligen Eigent\u00fcmer des Hauses Nr.16 (Bennemann und Knoop) wurden 1864 alle Belastungen gel\u00f6scht. Aktenkundig wurde die \u201eKolonie (die Colone) Bennemann und Knoop\u201c damit im Jahre 1864 \u201efrei\u201c.<\/p>\n\n\n\n<p class=\"wp-block-paragraph\"><strong>Die Dorfreunde und die Vereine in Nordb\u00f6gge<\/strong><\/p>\n\n\n<div class=\"wp-block-image is-resized\">\n<figure class=\"alignright\"><img loading=\"lazy\" decoding=\"async\" width=\"936\" height=\"576\" src=\"https:\/\/nordboegge.info\/wp-content\/uploads\/2018\/08\/kranz.png\" alt=\"\" class=\"wp-image-350\" srcset=\"https:\/\/nordboegge.info\/wp-content\/uploads\/2018\/08\/kranz.png 936w, https:\/\/nordboegge.info\/wp-content\/uploads\/2018\/08\/kranz-300x185.png 300w, https:\/\/nordboegge.info\/wp-content\/uploads\/2018\/08\/kranz-768x473.png 768w, https:\/\/nordboegge.info\/wp-content\/uploads\/2018\/08\/kranz-520x320.png 520w, https:\/\/nordboegge.info\/wp-content\/uploads\/2018\/08\/kranz-740x455.png 740w\" sizes=\"auto, (max-width: 936px) 100vw, 936px\" \/><figcaption class=\"wp-element-caption\"> Kranzniederlegung von Sch\u00fctzenverein, Feuerwehr und Kyffh\u00e4usern am Volkstrauertag. <\/figcaption><\/figure>\n<\/div>\n\n\n<p class=\"wp-block-paragraph\"><strong>Ein Dorf lebt!<\/strong> Und es lebt insbesondere durch die Aktivit\u00e4ten der Vereine in denen die Menschen ihren Interessen nachgehen und ihre Freizeit verbringen. Die Vereine in Nordb\u00f6gge haben dar\u00fcber hinaus auch noch das Ziel den Stadteil aktiv zu halten, ihn zu pflegen und zu f\u00f6rdern. Aus diesem Grund gr\u00fcndeten sich 2010 die Dorffreunde, als zentrales Gremium mit Fokus auf \u201eNordb\u00f6gge\u201c und als Bindeglied zwischen Einwohnern und der Gemeinde B\u00f6nen! <br>Weihnachtsmarkt, Maibaum setzen, schnelles Internet, Verkehrsbelastung, der Hinweis auf und die Beseitigung von Misst\u00e4nden, der Erhalt des Dorfes und dessen Pflege sind nur einige Themen. <br>Das Beipiel hier vor aller Augen ist der Lindenplatz und dessen Pflege, welche gemeinschaftlich die Gemeinde, aber auch die Dorffreunde \u00fcbernehmen.<em> \u201eDie Beete und die B\u00e4nke erhalten wir und den Rasen m\u00e4ht die Gemeinde!\u201c<\/em><br>Die Dorffreunde sind:<br>Sch\u00fctzenverein Nordb\u00f6gge 1851 e.V., VfK Nordb\u00f6gge 1931 e.V., Freiwillige Feuerwehr B\u00f6nen Nordb\u00f6gge, Kyffh\u00e4user Kameradschaft Nordb\u00f6gge, MGV Nordb\u00f6gge, Siedlergemeinschaft Nordb\u00f6gge, Imkerverein B\u00f6nen, Spielmannszug B\u00f6nen-Nordb\u00f6gge, Reit und Fahrverein Nordb\u00f6gge Lerche e.V.<\/p>\n","protected":false},"excerpt":{"rendered":"<p>Der Name Lindenplatz F\u00fcr die Namensgebung des Lindenplatzes gibt es zwei Vermutungen:&nbsp;&nbsp; Die erste ist, dass er nach zwei Linden benannt wurde die ehemals vor dem \u201eRoten Haus\u201c im Nordwesten standen.&nbsp;&nbsp; Die zweite Variante besagt, dass es sich bei diesem &hellip; <a href=\"https:\/\/nordboegge.info\/?page_id=12\">Weiterlesen <span class=\"meta-nav\">&rarr;<\/span><\/a><\/p>\n","protected":false},"author":4,"featured_media":0,"parent":19,"menu_order":0,"comment_status":"closed","ping_status":"closed","template":"","meta":{"_crdt_document":"","footnotes":""},"class_list":["post-12","page","type-page","status-publish","hentry"],"_links":{"self":[{"href":"https:\/\/nordboegge.info\/index.php?rest_route=\/wp\/v2\/pages\/12","targetHints":{"allow":["GET"]}}],"collection":[{"href":"https:\/\/nordboegge.info\/index.php?rest_route=\/wp\/v2\/pages"}],"about":[{"href":"https:\/\/nordboegge.info\/index.php?rest_route=\/wp\/v2\/types\/page"}],"author":[{"embeddable":true,"href":"https:\/\/nordboegge.info\/index.php?rest_route=\/wp\/v2\/users\/4"}],"replies":[{"embeddable":true,"href":"https:\/\/nordboegge.info\/index.php?rest_route=%2Fwp%2Fv2%2Fcomments&post=12"}],"version-history":[{"count":4,"href":"https:\/\/nordboegge.info\/index.php?rest_route=\/wp\/v2\/pages\/12\/revisions"}],"predecessor-version":[{"id":1271,"href":"https:\/\/nordboegge.info\/index.php?rest_route=\/wp\/v2\/pages\/12\/revisions\/1271"}],"up":[{"embeddable":true,"href":"https:\/\/nordboegge.info\/index.php?rest_route=\/wp\/v2\/pages\/19"}],"wp:attachment":[{"href":"https:\/\/nordboegge.info\/index.php?rest_route=%2Fwp%2Fv2%2Fmedia&parent=12"}],"curies":[{"name":"wp","href":"https:\/\/api.w.org\/{rel}","templated":true}]}}