{"id":1216,"date":"2025-07-19T10:40:42","date_gmt":"2025-07-19T08:40:42","guid":{"rendered":"https:\/\/nordboegge.info\/?page_id=1216"},"modified":"2025-07-19T12:41:48","modified_gmt":"2025-07-19T10:41:48","slug":"mitglied-werden","status":"publish","type":"page","link":"https:\/\/nordboegge.info\/?page_id=1216","title":{"rendered":"Mitglied werden"},"content":{"rendered":"\n<p class=\"wp-block-paragraph\"><strong>Ein Dorf lebt!<\/strong>&nbsp;Und es lebt insbesondere durch die Aktivit\u00e4ten seiner Vereine und der Menschen, die sich f\u00fcr ihre Heimat einsetzen.<br>Du m\u00f6chtest Teil der Dorffreunde Nordb\u00f6gge werden? Super \u2013 wir freuen uns auf dich!<\/p>\n\n\n\n<p class=\"has-text-align-left wp-block-paragraph\">&#x1f4c4; Hier kannst du den Aufnahmeantrag als PDF herunterladen:<br><a href=\"https:\/\/nordboegge.info\/wp-content\/uploads\/2025\/07\/Aufnahmeformular_Dorffreunde.pdf\" target=\"_blank\" rel=\"noreferrer noopener\">Aufnahmeantrag der Dorffreunde Nordb\u00f6gge<\/a><br>&#x1f449; Du kannst das Formular am PC oder Tablet ausf\u00fcllen und anschlie\u00dfend zur Unterschrift ausdrucken. Nat\u00fcrlich ist auch ein handschriftliches Ausf\u00fcllen m\u00f6glich.<\/p>\n\n\n\n<p class=\"wp-block-paragraph\">&#x1f4dc; Unsere Satzung findest du hier:<br><a href=\"https:\/\/nordboegge.info\/wp-content\/uploads\/2025\/07\/Satzung_Dorffreunde.pdf\" target=\"_blank\" rel=\"noreferrer noopener\">Satzung der Dorffreunde Nordb\u00f6gge<\/a><\/p>\n\n\n\n<p class=\"wp-block-paragraph\">&#x1f510; Informationen zur Verarbeitung deiner personenbezogenen Daten gem\u00e4\u00df Art. 13 &amp; 14 DSGVO findest du in unserer Datenschutzerkl\u00e4rung:<br><a href=\"datenschutz.html\">Zur Datenschutzerkl\u00e4rung<\/a><br><\/p>\n\n\n\n<p class=\"wp-block-paragraph\"><\/p>\n\n\n\n<p class=\"wp-block-paragraph\"><\/p>\n","protected":false},"excerpt":{"rendered":"<p>Ein Dorf lebt!&nbsp;Und es lebt insbesondere durch die Aktivit\u00e4ten seiner Vereine und der Menschen, die sich f\u00fcr ihre Heimat einsetzen.Du m\u00f6chtest Teil der Dorffreunde Nordb\u00f6gge werden? Super \u2013 wir freuen uns auf dich! &#x1f4c4; Hier kannst du den Aufnahmeantrag als &hellip; <a href=\"https:\/\/nordboegge.info\/?page_id=1216\">Weiterlesen <span class=\"meta-nav\">&rarr;<\/span><\/a><\/p>\n","protected":false},"author":4,"featured_media":0,"parent":0,"menu_order":0,"comment_status":"closed","ping_status":"closed","template":"","meta":{"_crdt_document":"","footnotes":""},"class_list":["post-1216","page","type-page","status-publish","hentry"],"_links":{"self":[{"href":"https:\/\/nordboegge.info\/index.php?rest_route=\/wp\/v2\/pages\/1216","targetHints":{"allow":["GET"]}}],"collection":[{"href":"https:\/\/nordboegge.info\/index.php?rest_route=\/wp\/v2\/pages"}],"about":[{"href":"https:\/\/nordboegge.info\/index.php?rest_route=\/wp\/v2\/types\/page"}],"author":[{"embeddable":true,"href":"https:\/\/nordboegge.info\/index.php?rest_route=\/wp\/v2\/users\/4"}],"replies":[{"embeddable":true,"href":"https:\/\/nordboegge.info\/index.php?rest_route=%2Fwp%2Fv2%2Fcomments&post=1216"}],"version-history":[{"count":3,"href":"https:\/\/nordboegge.info\/index.php?rest_route=\/wp\/v2\/pages\/1216\/revisions"}],"predecessor-version":[{"id":1291,"href":"https:\/\/nordboegge.info\/index.php?rest_route=\/wp\/v2\/pages\/1216\/revisions\/1291"}],"wp:attachment":[{"href":"https:\/\/nordboegge.info\/index.php?rest_route=%2Fwp%2Fv2%2Fmedia&parent=1216"}],"curies":[{"name":"wp","href":"https:\/\/api.w.org\/{rel}","templated":true}]}}