{"id":1295,"date":"2025-07-19T12:46:54","date_gmt":"2025-07-19T10:46:54","guid":{"rendered":"https:\/\/nordboegge.info\/?page_id=1295"},"modified":"2025-07-19T13:34:47","modified_gmt":"2025-07-19T11:34:47","slug":"datenschutzerklaerung","status":"publish","type":"page","link":"https:\/\/nordboegge.info\/?page_id=1295","title":{"rendered":"Datenschutzerkl\u00e4rung"},"content":{"rendered":"\n<h2 class=\"wp-block-heading\">Einleitung<\/h2>\n\n\n\n<p class=\"wp-block-paragraph\">Der Schutz deiner pers\u00f6nlichen Daten ist uns wichtig. Nachfolgend informieren wir dich dar\u00fcber, wie wir auf dieser Website mit personenbezogenen Daten umgehen.<\/p>\n\n\n\n<h2 class=\"wp-block-heading\">1. Verantwortlicher<\/h2>\n\n\n\n<p class=\"wp-block-paragraph\"><strong>Dorffreunde Nordb\u00f6gge 2010 e.V.<\/strong><br>Meereweg 6<br>59199 B\u00f6nen<br>E-Mail: <a>doris&#46;&#99;&#121;&#112;&#108;&#105;&#107;&#64;&#x67;&#x6d;&#x78;&#x2e;&#x64;&#x65;<\/a><br>E-Mail: <a>&#110;&#x6f;&#114;&#x64;&#98;&#x6f;e&#x67;g&#x65;r&#100;&#x6f;&#114;&#x66;&#64;&#x61;&#111;&#x6c;&#46;&#x63;o&#x6d;<\/a><\/p>\n\n\n\n<h2 class=\"wp-block-heading\">2. Erhebung und Verarbeitung personenbezogener Daten<\/h2>\n\n\n\n<p class=\"wp-block-paragraph\">Die Nutzung unserer Webseite ist in der Regel ohne Angabe personenbezogener Daten m\u00f6glich. Soweit auf unseren Seiten personenbezogene Daten erhoben werden (z.\u202fB. Name, E-Mail-Adresse bei Kommentaren), erfolgt dies stets auf freiwilliger Basis.<\/p>\n\n\n\n<h2 class=\"wp-block-heading\">3. Kommentare<\/h2>\n\n\n\n<p class=\"wp-block-paragraph\">Wenn Besucher Kommentare hinterlassen, speichern wir die im Kommentarformular eingegebenen Daten, die IP-Adresse und den User-Agent-String (zur Browsererkennung), um Spam zu erkennen.<br>Aus der E-Mail-Adresse kann eine anonymisierte Zeichenfolge (Hash) erstellt und an den Gravatar-Dienst \u00fcbermittelt werden.<br>Die Datenschutzerkl\u00e4rung von Gravatar findest du hier:<br><a class=\"\" href=\"https:\/\/automattic.com\/privacy\/\">https:\/\/automattic.com\/privacy\/<\/a>.<br>Nach Freigabe eines Kommentars ist dein Profilbild \u00f6ffentlich im Kommentarbereich sichtbar.<\/p>\n\n\n\n<h2 class=\"wp-block-heading\">4. Medien<\/h2>\n\n\n\n<p class=\"wp-block-paragraph\">Wenn du als registrierter Nutzer Bilder auf diese Website hochl\u00e4dst, solltest du vermeiden, Fotos mit EXIF-GPS-Daten zu verwenden. Besucher k\u00f6nnten Standortdaten aus solchen Bildern extrahieren.<\/p>\n\n\n\n<h2 class=\"wp-block-heading\">5. Cookies<\/h2>\n\n\n\n<p class=\"wp-block-paragraph\">Wenn du einen Kommentar auf unserer Website schreibst, kann das eine Einwilligung sein, deinen Namen, E-Mail-Adresse und Website in Cookies zu speichern.<br>Diese Cookies dienen deinem Komfort, damit du bei einem weiteren Kommentar nicht alle Daten erneut eingeben musst. Sie werden ein Jahr lang gespeichert.<\/p>\n\n\n\n<p class=\"wp-block-paragraph\">Wenn du ein Konto hast und dich anmeldest, speichern wir tempor\u00e4re Cookies, um festzustellen, ob dein Browser Cookies akzeptiert.<br>Diese Cookies enthalten keine personenbezogenen Daten und werden beim Schlie\u00dfen des Browsers gel\u00f6scht.<\/p>\n\n\n\n<p class=\"wp-block-paragraph\">Zus\u00e4tzlich speichern wir bei Anmeldung Cookies zur Erkennung deiner Login-Sitzung und Anzeigeoptionen.<br>Anmelde-Cookies verfallen nach zwei Tagen, Anzeigeoptionen nach einem Jahr.<br>Mit \u201eAngemeldet bleiben\u201c wird die Sitzung zwei Wochen lang gespeichert.<br>Beim Abmelden werden alle Login-Cookies gel\u00f6scht.<\/p>\n\n\n\n<p class=\"wp-block-paragraph\">Wenn du einen Artikel bearbeitest oder ver\u00f6ffentlichst, wird ein zus\u00e4tzlicher Cookie in deinem Browser gespeichert. Dieser enth\u00e4lt keine personenbezogenen Daten, sondern verweist nur auf die Beitrags-ID des Artikels.<br>Der Cookie verf\u00e4llt nach einem Tag.<\/p>\n\n\n\n<h2 class=\"wp-block-heading\">6. Eingebettete Inhalte von anderen Websites<\/h2>\n\n\n\n<p class=\"wp-block-paragraph\">Beitr\u00e4ge auf dieser Website k\u00f6nnen eingebettete Inhalte beinhalten (z.\u202fB. Videos, Karten, Kalender etc.).<br>Eingebettete Inhalte verhalten sich so, als ob du die andere Website direkt besucht h\u00e4ttest.<\/p>\n\n\n\n<p class=\"wp-block-paragraph\">Diese externen Seiten k\u00f6nnen Daten \u00fcber dich sammeln, Cookies setzen, zus\u00e4tzliche Tracking-Dienste nutzen und deine Interaktionen mit dem eingebetteten Inhalt aufzeichnen, inklusive deiner Interaktion, wenn du ein Konto dort hast und eingeloggt bist.<\/p>\n\n\n\n<h2 class=\"wp-block-heading\">7. Google Kalender via Simple Calendar<\/h2>\n\n\n\n<p class=\"wp-block-paragraph\">Wir verwenden das WordPress-Plugin <strong>Simple Calendar<\/strong>, um Termine aus einem Google Kalender auf unserer Website darzustellen.<br>Laut aktuellem Stand werden dabei keine technischen Cookies gesetzt.<br>Die Daten werden lediglich eingebettet dargestellt, eine direkte Verbindung mit deinem Google-Konto findet nicht statt.<br>Mehr Infos findest du in der Datenschutzerkl\u00e4rung von Google:<br><a class=\"\" href=\"https:\/\/policies.google.com\/privacy\">https:\/\/policies.google.com\/privacy<\/a><\/p>\n\n\n\n<h2 class=\"wp-block-heading\">8. Verwendung des Tools \u201eReal Cookie Banner\u201c<\/h2>\n\n\n\n<p class=\"wp-block-paragraph\">Wir verwenden das Consent-Tool <strong>Real Cookie Banner<\/strong> zur Einholung und Dokumentation deiner Einwilligung in die Verwendung von Cookies und vergleichbaren Technologien.<br>Beim Besuch unserer Website wird dir eine UUID (pseudonyme Nutzerkennung) zugewiesen, um deine Auswahl zu speichern.<\/p>\n\n\n\n<p class=\"wp-block-paragraph\">Diese Daten dienen ausschlie\u00dflich der Nachweispflicht nach DSGVO (Art. 6 Abs. 1 lit. c und f).<br>Mehr zur Datenverarbeitung durch das Tool findest du unter:<br><a class=\"\" href=\"https:\/\/devowl.io\/de\/rcb\/datenverarbeitung\/\">https:\/\/devowl.io\/de\/rcb\/datenverarbeitung\/<\/a><\/p>\n\n\n\n<h2 class=\"wp-block-heading\">9. Rechte der betroffenen Personen<\/h2>\n\n\n\n<p class=\"wp-block-paragraph\">Du hast das Recht auf Auskunft \u00fcber deine gespeicherten personenbezogenen Daten sowie auf Berichtigung, L\u00f6schung oder Einschr\u00e4nkung der Verarbeitung.<br>Du kannst der Verarbeitung widersprechen und die \u00dcbertragung deiner Daten verlangen.<\/p>\n\n\n\n<h2 class=\"wp-block-heading\">10. Dauer der Datenspeicherung<\/h2>\n\n\n\n<p class=\"wp-block-paragraph\">Kommentare und deren Metadaten werden unbegrenzt gespeichert.<br>Registrierte Nutzer k\u00f6nnen ihre Profildaten jederzeit einsehen, \u00e4ndern oder l\u00f6schen (Benutzernamen ausgenommen).<br>Administratoren k\u00f6nnen diese Informationen ebenfalls bearbeiten.<\/p>\n\n\n\n<h2 class=\"wp-block-heading\">11. Kontakt bei Datenschutzanfragen<\/h2>\n\n\n\n<p class=\"wp-block-paragraph\">Bei Fragen zum Datenschutz oder zur Aus\u00fcbung deiner Rechte wende dich bitte an:<br>Dorffreunde Nordb\u00f6gge 2010 e.V. (vertretungsberechtigt: Doris Cyplik)<\/p>\n\n\n\n<p class=\"wp-block-paragraph\"><strong>Technischer Ansprechpartner f\u00fcr Datenschutz &amp; Website:<\/strong><br>Thorsten Buchholz \u2013 <a>&#x65;&#x6d;&#x61;&#x69;&#x6c;&#x40;&#x6e;&#x6f;&#x72;&#x64;&#x62;&#111;&#101;&#103;&#103;&#101;&#46;&#105;nfo<\/a><\/p>\n\n\n\n<p class=\"wp-block-paragraph\"><\/p>\n","protected":false},"excerpt":{"rendered":"<p>Einleitung Der Schutz deiner pers\u00f6nlichen Daten ist uns wichtig. Nachfolgend informieren wir dich dar\u00fcber, wie wir auf dieser Website mit personenbezogenen Daten umgehen. 1. Verantwortlicher Dorffreunde Nordb\u00f6gge 2010 e.V.Meereweg 659199 B\u00f6nenE-Mail: &#100;o&#114;i&#115;&#46;&#x63;y&#x70;l&#x69;k&#x40;g&#x6d;x&#x2e;d&#x65;E-Mail: &#x6e;o&#x72;&#100;&#x62;&#x6f;e&#x67;&#103;&#x65;&#x72;d&#x6f;&#114;&#x66;&#x40;a&#x6f;&#108;&#x2e;&#x63;o&#x6d; 2. Erhebung und Verarbeitung personenbezogener Daten Die &hellip; <a href=\"https:\/\/nordboegge.info\/?page_id=1295\">Weiterlesen <span class=\"meta-nav\">&rarr;<\/span><\/a><\/p>\n","protected":false},"author":4,"featured_media":0,"parent":0,"menu_order":0,"comment_status":"closed","ping_status":"closed","template":"","meta":{"_crdt_document":"","footnotes":""},"class_list":["post-1295","page","type-page","status-publish","hentry"],"_links":{"self":[{"href":"https:\/\/nordboegge.info\/index.php?rest_route=\/wp\/v2\/pages\/1295","targetHints":{"allow":["GET"]}}],"collection":[{"href":"https:\/\/nordboegge.info\/index.php?rest_route=\/wp\/v2\/pages"}],"about":[{"href":"https:\/\/nordboegge.info\/index.php?rest_route=\/wp\/v2\/types\/page"}],"author":[{"embeddable":true,"href":"https:\/\/nordboegge.info\/index.php?rest_route=\/wp\/v2\/users\/4"}],"replies":[{"embeddable":true,"href":"https:\/\/nordboegge.info\/index.php?rest_route=%2Fwp%2Fv2%2Fcomments&post=1295"}],"version-history":[{"count":3,"href":"https:\/\/nordboegge.info\/index.php?rest_route=\/wp\/v2\/pages\/1295\/revisions"}],"predecessor-version":[{"id":1306,"href":"https:\/\/nordboegge.info\/index.php?rest_route=\/wp\/v2\/pages\/1295\/revisions\/1306"}],"wp:attachment":[{"href":"https:\/\/nordboegge.info\/index.php?rest_route=%2Fwp%2Fv2%2Fmedia&parent=1295"}],"curies":[{"name":"wp","href":"https:\/\/api.w.org\/{rel}","templated":true}]}}