{"id":14,"date":"2018-08-07T10:59:09","date_gmt":"2018-08-07T10:59:09","guid":{"rendered":"https:\/\/nordboegge.info\/?page_id=14"},"modified":"2025-07-19T12:01:47","modified_gmt":"2025-07-19T10:01:47","slug":"alte-schule-feuerwehrwache","status":"publish","type":"page","link":"https:\/\/nordboegge.info\/?page_id=14","title":{"rendered":"Friedrich Wilhelm Platz"},"content":{"rendered":"\n<div class=\"wp-block-buttons is-horizontal is-content-justification-center is-layout-flex wp-container-core-buttons-is-layout-b618d73c wp-block-buttons-is-layout-flex\">\n<div class=\"wp-block-button is-style-outline is-style-outline--1\"><a class=\"wp-block-button__link wp-element-button\" href=\"https:\/\/nordboegge.info\/?page_id=253\">&lt;-<\/a><\/div>\n\n\n\n<div class=\"wp-block-button is-style-outline is-style-outline--2\"><a class=\"wp-block-button__link wp-element-button\" href=\"https:\/\/nordboegge.info\/?page_id=19\">^<\/a><\/div>\n\n\n\n<div class=\"wp-block-button is-style-outline is-style-outline--3\"><a class=\"wp-block-button__link wp-element-button\" href=\"https:\/\/nordboegge.info\/?page_id=257\">-><\/a><\/div>\n<\/div>\n\n\n\n<p class=\"wp-block-paragraph\"><\/p>\n\n\n<div class=\"wp-block-image\">\n<figure class=\"aligncenter is-resized\"><img loading=\"lazy\" decoding=\"async\" width=\"768\" height=\"576\" src=\"https:\/\/nordboegge.info\/wp-content\/uploads\/2018\/09\/maibaum.jpg\" alt=\"\" class=\"wp-image-447\" style=\"width:521px;height:391px\" srcset=\"https:\/\/nordboegge.info\/wp-content\/uploads\/2018\/09\/maibaum.jpg 768w, https:\/\/nordboegge.info\/wp-content\/uploads\/2018\/09\/maibaum-300x225.jpg 300w, https:\/\/nordboegge.info\/wp-content\/uploads\/2018\/09\/maibaum-520x390.jpg 520w, https:\/\/nordboegge.info\/wp-content\/uploads\/2018\/09\/maibaum-740x555.jpg 740w\" sizes=\"auto, (max-width: 768px) 100vw, 768px\" \/><figcaption class=\"wp-element-caption\">Setzen des Maibaums am 30. April 2018<\/figcaption><\/figure>\n<\/div>\n\n\n<p class=\"has-regular-font-size wp-block-paragraph\">Der Friedrich Wilhelm Platz ist traditioneller Treffpunk der Dorfgemeinschaft zum<strong> Setzen des Maibaums<\/strong>, sowie alle zwei Jahre zum kleinen <strong>Weihnachtsmarkt<\/strong>.<\/p>\n\n\n\n<figure class=\"wp-block-image\"><img loading=\"lazy\" decoding=\"async\" width=\"4128\" height=\"3096\" src=\"https:\/\/nordboegge.info\/wp-content\/uploads\/2018\/09\/2018-09-21-17.30.43.jpg\" alt=\"\" class=\"wp-image-448\" srcset=\"https:\/\/nordboegge.info\/wp-content\/uploads\/2018\/09\/2018-09-21-17.30.43.jpg 4128w, https:\/\/nordboegge.info\/wp-content\/uploads\/2018\/09\/2018-09-21-17.30.43-300x225.jpg 300w, https:\/\/nordboegge.info\/wp-content\/uploads\/2018\/09\/2018-09-21-17.30.43-768x576.jpg 768w, https:\/\/nordboegge.info\/wp-content\/uploads\/2018\/09\/2018-09-21-17.30.43-1024x768.jpg 1024w, https:\/\/nordboegge.info\/wp-content\/uploads\/2018\/09\/2018-09-21-17.30.43-520x390.jpg 520w, https:\/\/nordboegge.info\/wp-content\/uploads\/2018\/09\/2018-09-21-17.30.43-740x555.jpg 740w\" sizes=\"auto, (max-width: 4128px) 100vw, 4128px\" \/><\/figure>\n\n\n\n<p class=\"wp-block-paragraph\">Der Friedrich-Wilhelm Platz erhielt seinen Namen offiziell am <strong>01. September 1991<\/strong>. Unter der Schirmherrschaft des damaligen B\u00fcrgermeisters Rainer E\u00dfkuchen wurde im Rahmen eines Dorffestes das Namensschild von G\u00fcnter Standop enth\u00fcllt.<br>Der Name, f\u00fcr den sich die Mehrheit der Nordb\u00f6gger ausgesprochen hatte, stammt von der ersten Dorfschule in Nordb\u00f6gge. Diese war aber nicht immer in Nordb\u00f6gge beheimatet.<br>Im 19. Jahrhundert befand sich die einzige Schule f\u00fcr die Nord- und Altenb\u00f6gger Kinder im Osten B\u00f6nens am Standort der heutigen <strong>\u201eHellweg Schule\u201c<\/strong>. Bei Hitze und Regen, Schnee und Eis mussten die Nordb\u00f6gger Kinder den langen Weg zu Fu\u00df und teilweise zwei Mal am Tag  hin und zur\u00fcck bew\u00e4ltigen. Das Ganze noch auf unbefestigten Stra\u00dfen mit ausgefahren Fahrspuren durch die Pferdewagen. Erst nach dem Wechsel der nassen oder verdreckten Schuhe begann dann der Unterricht.<br>Mit einer Petition erk\u00e4mpften sich die Nord- und Altenb\u00f6gger das Recht auf eine eigene, n\u00e4hergelegene Schule. Die Unterschriften der damals \u201estimmberechtigten\u201c Familienv\u00e4ter finden Sie nebenstehend abgebildet.<\/p>\n\n\n\n<figure class=\"wp-block-gallery has-nested-images columns-default is-cropped wp-block-gallery-4 is-layout-flex wp-block-gallery-is-layout-flex\">\n<figure class=\"wp-block-image\"><img loading=\"lazy\" decoding=\"async\" width=\"889\" height=\"1024\" data-id=\"704\" src=\"https:\/\/nordboegge.info\/wp-content\/uploads\/2018\/11\/Petition_Unterschriften_Schulkinder1-889x1024.jpg\" alt=\"\" class=\"wp-image-704\" srcset=\"https:\/\/nordboegge.info\/wp-content\/uploads\/2018\/11\/Petition_Unterschriften_Schulkinder1-889x1024.jpg 889w, https:\/\/nordboegge.info\/wp-content\/uploads\/2018\/11\/Petition_Unterschriften_Schulkinder1-261x300.jpg 261w, https:\/\/nordboegge.info\/wp-content\/uploads\/2018\/11\/Petition_Unterschriften_Schulkinder1-768x884.jpg 768w, https:\/\/nordboegge.info\/wp-content\/uploads\/2018\/11\/Petition_Unterschriften_Schulkinder1-520x599.jpg 520w, https:\/\/nordboegge.info\/wp-content\/uploads\/2018\/11\/Petition_Unterschriften_Schulkinder1-740x852.jpg 740w, https:\/\/nordboegge.info\/wp-content\/uploads\/2018\/11\/Petition_Unterschriften_Schulkinder1.jpg 1557w\" sizes=\"auto, (max-width: 889px) 100vw, 889px\" \/><\/figure>\n\n\n\n<figure class=\"wp-block-image\"><img loading=\"lazy\" decoding=\"async\" width=\"702\" height=\"1024\" data-id=\"705\" src=\"https:\/\/nordboegge.info\/wp-content\/uploads\/2018\/11\/Petition_Unterschriften_Schulkinder2-702x1024.jpg\" alt=\"\" class=\"wp-image-705\" srcset=\"https:\/\/nordboegge.info\/wp-content\/uploads\/2018\/11\/Petition_Unterschriften_Schulkinder2-702x1024.jpg 702w, https:\/\/nordboegge.info\/wp-content\/uploads\/2018\/11\/Petition_Unterschriften_Schulkinder2-206x300.jpg 206w, https:\/\/nordboegge.info\/wp-content\/uploads\/2018\/11\/Petition_Unterschriften_Schulkinder2-768x1121.jpg 768w, https:\/\/nordboegge.info\/wp-content\/uploads\/2018\/11\/Petition_Unterschriften_Schulkinder2-520x759.jpg 520w, https:\/\/nordboegge.info\/wp-content\/uploads\/2018\/11\/Petition_Unterschriften_Schulkinder2-740x1080.jpg 740w, https:\/\/nordboegge.info\/wp-content\/uploads\/2018\/11\/Petition_Unterschriften_Schulkinder2.jpg 1557w\" sizes=\"auto, (max-width: 702px) 100vw, 702px\" \/><\/figure>\n<\/figure>\n\n\n\n<p class=\"wp-block-paragraph\">Die neue Schule wurde 1878\/1879 gebaut und befand sich links des Ortsausgangs in Richtung Altenb\u00f6gge in der N\u00e4he der heutigen Autobahn an der alten Kreisstra\u00dfe. Sie erhielt den Namen des damaligen <strong>Kaisers Friedrich-Wilhelm<\/strong>.<\/p>\n\n\n\n<p class=\"wp-block-paragraph\"><strong>Friedrich Wilhelm Viktor Albert von Preu\u00dfen<\/strong> (* 27. Januar 1859 in Berlin; \u2020 4. Juni 1941 in Doorn, Niederlande) aus dem Haus Hohenzollern, war von 1888 bis 1918 letzter Deutscher Kaiser und K\u00f6nig von Preu\u00dfen. Wilhelm war ein Enkel Kaiser Wilhelms I. und ein Sohn Kaiser Friedrichs III.<br>Der Bau der Autobahn machte dann einen erneuten Umzug der Schule notwendig und so wurde das Schulgeb\u00e4ude am heutigen Friedrich-Wilhelm Platz errichtet.<\/p>\n\n\n\n<p class=\"wp-block-paragraph\">Ab 1913 waren dort 2 Schulklassen und im 2. Weltkrieg auch ein Kindergarten untergebracht. Bedingt durch den Zuzug der Familien aus dem Osten und der R\u00fcckkehr der Kinder aus der \u201eKinderlandverschickung\u201c nach dem 2. Weltkrieg verdoppelten sich die Platzanforderungen. Es entstand ein Anbau auf der rechten Seite, so dass nun 4 Schulklassen unterrichtet werden konnten. Eine weitere Klasse wurde im Saal des Bauernhauses am Lindenplatz untergebracht.<br>Mit dem Anschluss Nordb\u00f6gges an die Gemeinde B\u00f6nen und bedingt durch die sinkenden Sch\u00fclerzahlen, wurde die Schule in Nordb\u00f6gge geschlossen, so dass der Weg der Grundschulkinder heute wieder zur Hellweg Schule in B\u00f6nen f\u00fchrt.<\/p>\n\n\n\n<p class=\"wp-block-paragraph\">Im Jahr 1973 baute die Gemeinde B\u00f6nen die alte Schule zur Feuerwehrwache um, Standort des <strong>L\u00f6schzug I der Freiwilligen Feuerwehr B\u00f6nen<\/strong>. Es befinden sich dort Schulungsr\u00e4ume und die Spinde der Feuerwehrleute. Weiterhin sind dort 2 Wohnungen eingerichtet und bis zum Bau des Vereinsheimes nutzte der <strong>VfK Nordb\u00f6gge<\/strong> dort Umkleidekabinen. Zu Wahlen wird ein Wahllokal eingerichtet.<br><\/p>\n\n\n\n<figure class=\"wp-block-image\"><img loading=\"lazy\" decoding=\"async\" width=\"4096\" height=\"2730\" src=\"https:\/\/nordboegge.info\/wp-content\/uploads\/2018\/09\/Nordbgge_Neu.jpg\" alt=\"\" class=\"wp-image-449\" srcset=\"https:\/\/nordboegge.info\/wp-content\/uploads\/2018\/09\/Nordbgge_Neu.jpg 4096w, https:\/\/nordboegge.info\/wp-content\/uploads\/2018\/09\/Nordbgge_Neu-300x200.jpg 300w, https:\/\/nordboegge.info\/wp-content\/uploads\/2018\/09\/Nordbgge_Neu-768x512.jpg 768w, https:\/\/nordboegge.info\/wp-content\/uploads\/2018\/09\/Nordbgge_Neu-1024x683.jpg 1024w, https:\/\/nordboegge.info\/wp-content\/uploads\/2018\/09\/Nordbgge_Neu-390x260.jpg 390w, https:\/\/nordboegge.info\/wp-content\/uploads\/2018\/09\/Nordbgge_Neu-520x347.jpg 520w, https:\/\/nordboegge.info\/wp-content\/uploads\/2018\/09\/Nordbgge_Neu-740x493.jpg 740w\" sizes=\"auto, (max-width: 4096px) 100vw, 4096px\" \/><figcaption class=\"wp-element-caption\"> L\u00f6schzug I der Freiwilligen Feuerwehr B\u00f6nen <\/figcaption><\/figure>\n","protected":false},"excerpt":{"rendered":"<p>Der Friedrich Wilhelm Platz ist traditioneller Treffpunk der Dorfgemeinschaft zum Setzen des Maibaums, sowie alle zwei Jahre zum kleinen Weihnachtsmarkt. Der Friedrich-Wilhelm Platz erhielt seinen Namen offiziell am 01. September 1991. Unter der Schirmherrschaft des damaligen B\u00fcrgermeisters Rainer E\u00dfkuchen wurde &hellip; <a href=\"https:\/\/nordboegge.info\/?page_id=14\">Weiterlesen <span class=\"meta-nav\">&rarr;<\/span><\/a><\/p>\n","protected":false},"author":4,"featured_media":0,"parent":19,"menu_order":0,"comment_status":"closed","ping_status":"closed","template":"","meta":{"_crdt_document":"","footnotes":""},"class_list":["post-14","page","type-page","status-publish","hentry"],"_links":{"self":[{"href":"https:\/\/nordboegge.info\/index.php?rest_route=\/wp\/v2\/pages\/14","targetHints":{"allow":["GET"]}}],"collection":[{"href":"https:\/\/nordboegge.info\/index.php?rest_route=\/wp\/v2\/pages"}],"about":[{"href":"https:\/\/nordboegge.info\/index.php?rest_route=\/wp\/v2\/types\/page"}],"author":[{"embeddable":true,"href":"https:\/\/nordboegge.info\/index.php?rest_route=\/wp\/v2\/users\/4"}],"replies":[{"embeddable":true,"href":"https:\/\/nordboegge.info\/index.php?rest_route=%2Fwp%2Fv2%2Fcomments&post=14"}],"version-history":[{"count":6,"href":"https:\/\/nordboegge.info\/index.php?rest_route=\/wp\/v2\/pages\/14\/revisions"}],"predecessor-version":[{"id":1254,"href":"https:\/\/nordboegge.info\/index.php?rest_route=\/wp\/v2\/pages\/14\/revisions\/1254"}],"up":[{"embeddable":true,"href":"https:\/\/nordboegge.info\/index.php?rest_route=\/wp\/v2\/pages\/19"}],"wp:attachment":[{"href":"https:\/\/nordboegge.info\/index.php?rest_route=%2Fwp%2Fv2%2Fmedia&parent=14"}],"curies":[{"name":"wp","href":"https:\/\/api.w.org\/{rel}","templated":true}]}}