{"id":19,"date":"2018-08-07T11:31:02","date_gmt":"2018-08-07T11:31:02","guid":{"rendered":"https:\/\/nordboegge.info\/?page_id=19"},"modified":"2025-07-19T11:53:32","modified_gmt":"2025-07-19T09:53:32","slug":"rundgang-durch-nordboegge","status":"publish","type":"page","link":"https:\/\/nordboegge.info\/?page_id=19","title":{"rendered":"Rundgang durch Nordb\u00f6gge"},"content":{"rendered":"<div class=\"wp-block-image\">\n<figure class=\"aligncenter is-resized\"><img loading=\"lazy\" decoding=\"async\" width=\"1394\" height=\"771\" src=\"https:\/\/nordboegge.info\/wp-content\/uploads\/2018\/08\/Rundgang.jpg\" alt=\"\" class=\"wp-image-267\" style=\"width:580px;height:320px\" srcset=\"https:\/\/nordboegge.info\/wp-content\/uploads\/2018\/08\/Rundgang.jpg 1394w, https:\/\/nordboegge.info\/wp-content\/uploads\/2018\/08\/Rundgang-300x166.jpg 300w, https:\/\/nordboegge.info\/wp-content\/uploads\/2018\/08\/Rundgang-768x425.jpg 768w, https:\/\/nordboegge.info\/wp-content\/uploads\/2018\/08\/Rundgang-1024x566.jpg 1024w, https:\/\/nordboegge.info\/wp-content\/uploads\/2018\/08\/Rundgang-520x288.jpg 520w, https:\/\/nordboegge.info\/wp-content\/uploads\/2018\/08\/Rundgang-740x409.jpg 740w\" sizes=\"auto, (max-width: 1394px) 100vw, 1394px\" \/><figcaption class=\"wp-element-caption\">Rundgag durch Nordb\u00f6gge<\/figcaption><\/figure>\n<\/div>\n\n\n<p class=\"has-regular-font-size wp-block-paragraph\">Der Rundgang durch Nordb\u00f6gge beginnt am\u00a0<strong><a href=\"https:\/\/nordboegge.info\/?page_id=14\">Friedrich-Wilhelm-Platz<\/a><\/strong>, wo sich der L\u00f6schzug 1 der Freiwilligen Feuerwehr B\u00f6nen in der alten Nordb\u00f6gger Schule sowie unser Maibaum befinden. Direkt gegen\u00fcber an der Schulstra\u00dfe liegt die\u00a0<strong><a href=\"https:\/\/nordboegge.info\/?page_id=257\">St. Elisabeth Kirche<\/a><\/strong>\u00a0des Pastoralverbunds B\u00f6nen-Heeren.<\/p>\n\n\n\n<p class=\"wp-block-paragraph\">Von dort geht es westlich entlang der Schulstra\u00dfe vorbei an der\u00a0<strong><a href=\"https:\/\/nordboegge.info\/?page_id=251\">Sch\u00fctzenwiese<\/a><\/strong>\u00a0des Sch\u00fctzenvereins Nordb\u00f6gge 1851 e.V. zum\u00a0<strong><a href=\"https:\/\/nordboegge.info\/?page_id=12\">Lindenplatz<\/a><\/strong>\u00a0mit dem Kriegerdenkmal. Ein kurzer Abstecher weiter westlich f\u00fchrt zum\u00a0<strong><a href=\"https:\/\/nordboegge.info\/?page_id=263\">Kommunalfriedhof<\/a><\/strong>.<\/p>\n\n\n\n<p class=\"wp-block-paragraph\">Zur\u00fcck am Lindenplatz geht es weiter nach Norden zum\u00a0<strong><a href=\"https:\/\/nordboegge.info\/?page_id=10\">Haus B\u00f6gge<\/a><\/strong>. An der n\u00e4chsten Kreuzung f\u00fchrt der Weg ostw\u00e4rts durch die Felder bis zur Fu\u00dfg\u00e4ngerbr\u00fccke am\u00a0<strong><a href=\"https:\/\/nordboegge.info\/?page_id=259\">Bahnhof Nordb\u00f6gge<\/a><\/strong>.<\/p>\n\n\n\n<p class=\"wp-block-paragraph\">Nach \u00dcberquerung der Bahngleise verl\u00e4uft der Rundgang entlang der Wiese des Hundesportvereins zur\u00a0<strong><a href=\"https:\/\/nordboegge.info\/?page_id=261\">Gastst\u00e4tte D\u00f6rnemann<\/a><\/strong>. Weiter entlang der B\u00f6nener Stra\u00dfe und durch die Hermannstra\u00dfe gelangen wir zum\u00a0<strong><a href=\"https:\/\/nordboegge.info\/?page_id=255\">Bonhoeffer-Haus<\/a><\/strong>, dem\u00a0<strong><a href=\"https:\/\/nordboegge.info\/?page_id=499\">Ev. Kindergarten Immanuel<\/a><\/strong>\u00a0sowie einem gro\u00dfen Spielplatz.<\/p>\n\n\n\n<p class=\"has-regular-font-size wp-block-paragraph\">Zum Abschluss f\u00fchrt der Weg \u00fcber die Hubertstra\u00dfe, quer \u00fcber die Hammer Stra\u00dfe in den Haferkamp und schlie\u00dflich \u00fcber den Meereweg entlang des\u00a0<strong><a href=\"https:\/\/nordboegge.info\/?page_id=253\">Sportplatzes<\/a><\/strong>\u00a0des VfK Nordb\u00f6gge 1931 e.V. und einem weiteren Spielplatz zur\u00fcck zum Friedrich-Wilhelm-Platz.<\/p>\n\n\n\n<p class=\"wp-block-paragraph\"><\/p>\n","protected":false},"excerpt":{"rendered":"<p>Der Rundgang durch Nordb\u00f6gge beginnt am\u00a0Friedrich-Wilhelm-Platz, wo sich der L\u00f6schzug 1 der Freiwilligen Feuerwehr B\u00f6nen in der alten Nordb\u00f6gger Schule sowie unser Maibaum befinden. Direkt gegen\u00fcber an der Schulstra\u00dfe liegt die\u00a0St. Elisabeth Kirche\u00a0des Pastoralverbunds B\u00f6nen-Heeren. Von dort geht es westlich &hellip; <a href=\"https:\/\/nordboegge.info\/?page_id=19\">Weiterlesen <span class=\"meta-nav\">&rarr;<\/span><\/a><\/p>\n","protected":false},"author":4,"featured_media":0,"parent":0,"menu_order":0,"comment_status":"closed","ping_status":"closed","template":"","meta":{"_crdt_document":"","footnotes":""},"class_list":["post-19","page","type-page","status-publish","hentry"],"_links":{"self":[{"href":"https:\/\/nordboegge.info\/index.php?rest_route=\/wp\/v2\/pages\/19","targetHints":{"allow":["GET"]}}],"collection":[{"href":"https:\/\/nordboegge.info\/index.php?rest_route=\/wp\/v2\/pages"}],"about":[{"href":"https:\/\/nordboegge.info\/index.php?rest_route=\/wp\/v2\/types\/page"}],"author":[{"embeddable":true,"href":"https:\/\/nordboegge.info\/index.php?rest_route=\/wp\/v2\/users\/4"}],"replies":[{"embeddable":true,"href":"https:\/\/nordboegge.info\/index.php?rest_route=%2Fwp%2Fv2%2Fcomments&post=19"}],"version-history":[{"count":2,"href":"https:\/\/nordboegge.info\/index.php?rest_route=\/wp\/v2\/pages\/19\/revisions"}],"predecessor-version":[{"id":1249,"href":"https:\/\/nordboegge.info\/index.php?rest_route=\/wp\/v2\/pages\/19\/revisions\/1249"}],"wp:attachment":[{"href":"https:\/\/nordboegge.info\/index.php?rest_route=%2Fwp%2Fv2%2Fmedia&parent=19"}],"curies":[{"name":"wp","href":"https:\/\/api.w.org\/{rel}","templated":true}]}}