{"id":208,"date":"2018-08-16T08:56:34","date_gmt":"2018-08-16T06:56:34","guid":{"rendered":"https:\/\/nordboegge.info\/?page_id=208"},"modified":"2025-07-19T12:31:50","modified_gmt":"2025-07-19T10:31:50","slug":"dorffreunde-nordboegge","status":"publish","type":"page","link":"https:\/\/nordboegge.info\/?page_id=208","title":{"rendered":"Dorffreunde Nordb\u00f6gge"},"content":{"rendered":"\n<p class=\"wp-block-paragraph\"><strong>Dorffreunde Nordb\u00f6gge 2010 e.V.<\/strong>\u00a0sind ein Zusammenschluss aktiver Vereine in Nordb\u00f6gge, die sich gemeinsam f\u00fcr die Pflege, Entwicklung und den Erhalt des Stadtteils engagieren.<\/p>\n\n\n\n<p class=\"wp-block-paragraph\">Der Verein versteht sich als zentrales Gremium mit Fokus auf Nordb\u00f6gge und als Bindeglied zwischen Einwohnern und der Gemeinde B\u00f6nen. Ziel ist es, lokale Interessen zu f\u00f6rdern, Missst\u00e4nde zu beseitigen und die Lebensqualit\u00e4t im Ortsteil durch b\u00fcrgerschaftliches Engagement nachhaltig zu st\u00e4rken.<\/p>\n\n\n\n<p class=\"wp-block-paragraph\">Die Dorffreunde wurden im Jahr 2010 gegr\u00fcndet \u2013 zun\u00e4chst \u201epro forma\u201c aus rechtlichen Gr\u00fcnden. Bis dahin verwaltete der Ortsvorsteher die Einnahmen aus Veranstaltungen wie dem Maibaumaufstellen oder dem Weihnachtsmarkt informell. Die Gr\u00fcndung als gemeinn\u00fctziger Verein war erforderlich, um beispielsweise ein Bankkonto er\u00f6ffnen und offiziell mit der Gemeinde abrechnen zu k\u00f6nnen.<br><br>Seither engagieren sich die Dorffreunde aktiv f\u00fcr Nordb\u00f6gge \u2013 durch Organisation und Unterst\u00fctzung von Veranstaltungen, Pflege von Pl\u00e4tzen, Einsatz f\u00fcr schnelles Internet, Verkehrsberuhigung oder einfach durch Hinweise auf Probleme im Ort.<strong><em><br><\/em> <\/strong><br><strong>Ein Dorf lebt!<\/strong>\u00a0Und es lebt insbesondere durch die Aktivit\u00e4ten seiner Vereine und der Menschen, die sich f\u00fcr ihre Heimat einsetzen.<\/p>\n\n\n\n<p class=\"wp-block-paragraph\"><br><a href=\"https:\/\/www.wa.de\/lokales\/boenen\/heimatverein-dorffreunde-nordboegge-gegruendet-1041102.html\" target=\"_blank\" rel=\"noreferrer noopener\">Quelle: Zeitungsartikel zur Gr\u00fcndung der Dorffreunde<\/a><\/p>\n\n\n\n<p class=\"wp-block-paragraph\"><\/p>\n","protected":false},"excerpt":{"rendered":"<p>Dorffreunde Nordb\u00f6gge 2010 e.V.\u00a0sind ein Zusammenschluss aktiver Vereine in Nordb\u00f6gge, die sich gemeinsam f\u00fcr die Pflege, Entwicklung und den Erhalt des Stadtteils engagieren. Der Verein versteht sich als zentrales Gremium mit Fokus auf Nordb\u00f6gge und als Bindeglied zwischen Einwohnern und &hellip; <a href=\"https:\/\/nordboegge.info\/?page_id=208\">Weiterlesen <span class=\"meta-nav\">&rarr;<\/span><\/a><\/p>\n","protected":false},"author":4,"featured_media":0,"parent":35,"menu_order":0,"comment_status":"closed","ping_status":"closed","template":"","meta":{"_crdt_document":"","footnotes":""},"class_list":["post-208","page","type-page","status-publish","hentry"],"_links":{"self":[{"href":"https:\/\/nordboegge.info\/index.php?rest_route=\/wp\/v2\/pages\/208","targetHints":{"allow":["GET"]}}],"collection":[{"href":"https:\/\/nordboegge.info\/index.php?rest_route=\/wp\/v2\/pages"}],"about":[{"href":"https:\/\/nordboegge.info\/index.php?rest_route=\/wp\/v2\/types\/page"}],"author":[{"embeddable":true,"href":"https:\/\/nordboegge.info\/index.php?rest_route=\/wp\/v2\/users\/4"}],"replies":[{"embeddable":true,"href":"https:\/\/nordboegge.info\/index.php?rest_route=%2Fwp%2Fv2%2Fcomments&post=208"}],"version-history":[{"count":2,"href":"https:\/\/nordboegge.info\/index.php?rest_route=\/wp\/v2\/pages\/208\/revisions"}],"predecessor-version":[{"id":1281,"href":"https:\/\/nordboegge.info\/index.php?rest_route=\/wp\/v2\/pages\/208\/revisions\/1281"}],"up":[{"embeddable":true,"href":"https:\/\/nordboegge.info\/index.php?rest_route=\/wp\/v2\/pages\/35"}],"wp:attachment":[{"href":"https:\/\/nordboegge.info\/index.php?rest_route=%2Fwp%2Fv2%2Fmedia&parent=208"}],"curies":[{"name":"wp","href":"https:\/\/api.w.org\/{rel}","templated":true}]}}