{"id":212,"date":"2018-08-16T08:59:05","date_gmt":"2018-08-16T06:59:05","guid":{"rendered":"https:\/\/nordboegge.info\/?page_id=212"},"modified":"2018-09-28T13:33:10","modified_gmt":"2018-09-28T11:33:10","slug":"schuetzenverein-nordboegge-1851-e-v","status":"publish","type":"page","link":"https:\/\/nordboegge.info\/?page_id=212","title":{"rendered":"Sch\u00fctzenverein Nordb\u00f6gge 1851 e.V."},"content":{"rendered":"\n<div class=\"wp-block-image\"><figure class=\"alignleft\"><img loading=\"lazy\" decoding=\"async\" width=\"150\" height=\"135\" src=\"https:\/\/nordboegge.info\/wp-content\/uploads\/2018\/09\/schuetzenverein.png\" alt=\"\" class=\"wp-image-531\"\/><\/figure><\/div>\n\n\n\n<p class=\"wp-block-paragraph\"><strong>Horrido und Willkommen beim Sch\u00fctzenverein Nordb\u00f6gge!<\/strong><\/p>\n\n\n\n<p class=\"wp-block-paragraph\">Der Sch\u00fctzenverein Nordb\u00f6gge 1851 e.V. kann als einer der \u00e4ltesten Vereine auf eine \u00fcber 150 j\u00e4hrige Tradition zur\u00fcckblicken.<\/p>\n\n\n\n<p class=\"wp-block-paragraph\">Als\n im Jahre 1926 das 75-j\u00e4hrige Jubelfest gefeiert wurde, stellte der \ndamalige Schriftf\u00fchrer des Vereins, Herr Kemper, auch Nachforschungen \n\u00fcber die ersten Jahre des Vereins an. Das Ergebnis seiner Recherchen hat\n er im Protokollbuch festgehalten, und auch in seiner Festrede zur \nJubelfeier verlesen. Er kommt dort zu der Erkenntnis, dass schon in den \nzwanziger Jahren des 19. Jahrhunderts ein Verein bestanden haben muss.<br\/>Die\n erste Fahne trug die Jahreszahl 1842; sie soll bei einem Brand der \nWirtschaft Kleimann (fr\u00fchere Bahnhofsgastst\u00e4tte) verloren gegangen sein.\n Weiterhin hat er damals noch ein altes selbst geschriebenes Rechenbuch \nvorliegen gehabt, in dem eine vollkommene Beitragsliste \u00fcber das \nEinkommen f\u00fcr die Sch\u00fctzengesellschaft im Jahre 1843 aufgef\u00fchrt ist. \nDennoch wurde das Jahr 1851 als Gr\u00fcndungsjahr zu Grunde gelegt.\n\n<\/p>\n\n\n\n<p class=\"wp-block-paragraph\">Die Internetseite des Vereins beinhaltet alle Informationen zum Verein, aktuelle Vereinsneuigkeiten und bevorstehende Termine. <br\/>Au\u00dferdem finden sie hier einen Einblick in die umfangreiche Geschichte des Vereins, wie die Chronik oder die bisherigen Majest\u00e4ten.<br\/>Zudem erhalten Sie hier Zugang zu den Internetauftritten der Avantgarde und der Schie\u00dfsportgruppe.<\/p>\n\n\n\n<p class=\"wp-block-paragraph\" style=\"text-align:center\"><a href=\"http:\/\/www.schuetzenverein-nordboegge.de\/\" target=\"_blank\"><strong>Internetseite des Sch\u00fctzenverein Nordb\u00f6gge 1851 e.V.<\/strong><\/a><\/p>\n\n\n\n<p class=\"wp-block-paragraph\"><br\/><br\/>Der folgende Link f\u00fchrt zum Themenbereich des WA zum Sch\u00fctzenverein Nordb\u00f6gge.<br\/><br\/><a href=\"https:\/\/www.wa.de\/thema\/schuetzenverein-nordboegge-org415933\/\" target=\"_blank\"><em>Themenbereich des WA zum Sch\u00fctzenverein Nordb\u00f6gge<\/em><\/a><\/p>\n","protected":false},"excerpt":{"rendered":"<p>Horrido und Willkommen beim Sch\u00fctzenverein Nordb\u00f6gge! Der Sch\u00fctzenverein Nordb\u00f6gge 1851 e.V. kann als einer der \u00e4ltesten Vereine auf eine \u00fcber 150 j\u00e4hrige Tradition zur\u00fcckblicken. Als im Jahre 1926 das 75-j\u00e4hrige Jubelfest gefeiert wurde, stellte der damalige Schriftf\u00fchrer des Vereins, Herr &hellip; <a href=\"https:\/\/nordboegge.info\/?page_id=212\">Weiterlesen <span class=\"meta-nav\">&rarr;<\/span><\/a><\/p>\n","protected":false},"author":4,"featured_media":0,"parent":35,"menu_order":0,"comment_status":"closed","ping_status":"closed","template":"","meta":{"_crdt_document":"","footnotes":""},"class_list":["post-212","page","type-page","status-publish","hentry"],"_links":{"self":[{"href":"https:\/\/nordboegge.info\/index.php?rest_route=\/wp\/v2\/pages\/212","targetHints":{"allow":["GET"]}}],"collection":[{"href":"https:\/\/nordboegge.info\/index.php?rest_route=\/wp\/v2\/pages"}],"about":[{"href":"https:\/\/nordboegge.info\/index.php?rest_route=\/wp\/v2\/types\/page"}],"author":[{"embeddable":true,"href":"https:\/\/nordboegge.info\/index.php?rest_route=\/wp\/v2\/users\/4"}],"replies":[{"embeddable":true,"href":"https:\/\/nordboegge.info\/index.php?rest_route=%2Fwp%2Fv2%2Fcomments&post=212"}],"version-history":[{"count":0,"href":"https:\/\/nordboegge.info\/index.php?rest_route=\/wp\/v2\/pages\/212\/revisions"}],"up":[{"embeddable":true,"href":"https:\/\/nordboegge.info\/index.php?rest_route=\/wp\/v2\/pages\/35"}],"wp:attachment":[{"href":"https:\/\/nordboegge.info\/index.php?rest_route=%2Fwp%2Fv2%2Fmedia&parent=212"}],"curies":[{"name":"wp","href":"https:\/\/api.w.org\/{rel}","templated":true}]}}