{"id":214,"date":"2018-08-16T09:02:39","date_gmt":"2018-08-16T07:02:39","guid":{"rendered":"https:\/\/nordboegge.info\/?page_id=214"},"modified":"2018-09-28T13:35:14","modified_gmt":"2018-09-28T11:35:14","slug":"avantgarde-schuetzenverein-nordboegge-1851-ev","status":"publish","type":"page","link":"https:\/\/nordboegge.info\/?page_id=214","title":{"rendered":"Avantgarde &#8211; Sch\u00fctzenverein Nordb\u00f6gge 1851 e.V."},"content":{"rendered":"\n<div class=\"wp-block-image\"><figure class=\"alignleft\"><img loading=\"lazy\" decoding=\"async\" width=\"224\" height=\"226\" src=\"https:\/\/nordboegge.info\/wp-content\/uploads\/2018\/09\/avantgarde.jpg\" alt=\"\" class=\"wp-image-534\" srcset=\"https:\/\/nordboegge.info\/wp-content\/uploads\/2018\/09\/avantgarde.jpg 224w, https:\/\/nordboegge.info\/wp-content\/uploads\/2018\/09\/avantgarde-150x150.jpg 150w\" sizes=\"auto, (max-width: 224px) 100vw, 224px\" \/><\/figure><\/div>\n\n\n\n<p class=\"wp-block-paragraph\"><strong>Horrido und Willkommen bei der Avantgarde des Sch\u00fctzenvereins Nordb\u00f6gge!<br\/><br\/><\/strong>Im Jahre 1922 wurde die Avantgarde Nordb\u00f6gge gegr\u00fcndet, mit der Absicht, die Jugendlichen des Dorfes in gem\u00fctlicher Runde beisammen zu halten und den Schie\u00dfsport zu pflegen, da es zu damaligen Zeiten ein nicht so vielf\u00e4ltiges Freizeitangebot gab, wie heute. Damals war unser Dorf noch relativ klein, so dass nur wenige &#8218; Jungm\u00e4nner &#8218;, 18 an der Zahl, zur Stelle waren, um die Avantgarde unter der Regie des Hauptmanns Karl Beckmann zu gr\u00fcnden.<\/p>\n\n\n\n<p class=\"wp-block-paragraph\">Die Internetseite des Vereins beinhaltet alle Informationen zum Verein, aktuelle Vereinsneuigkeiten und bevorstehende Termine. <br\/>\nZudem erhalten Sie hier Zugang zu den Internetauftritten des Sch\u00fctzenvereins und der Schie\u00dfsportgruppe.<\/p>\n\n\n\n<p class=\"wp-block-paragraph\" style=\"text-align:center\"><a href=\"http:\/\/www.schuetzenverein-nordboegge.de\/index2.php\" target=\"_blank\" rel=\"noopener\">I<strong>nternetseite der Avandgarde des Sch\u00fctzenverein Nordb\u00f6gge 1851 e.V.<\/strong><\/a><br\/><\/p>\n","protected":false},"excerpt":{"rendered":"<p>Horrido und Willkommen bei der Avantgarde des Sch\u00fctzenvereins Nordb\u00f6gge! Im Jahre 1922 wurde die Avantgarde Nordb\u00f6gge gegr\u00fcndet, mit der Absicht, die Jugendlichen des Dorfes in gem\u00fctlicher Runde beisammen zu halten und den Schie\u00dfsport zu pflegen, da es zu damaligen Zeiten &hellip; <a href=\"https:\/\/nordboegge.info\/?page_id=214\">Weiterlesen <span class=\"meta-nav\">&rarr;<\/span><\/a><\/p>\n","protected":false},"author":4,"featured_media":0,"parent":35,"menu_order":0,"comment_status":"closed","ping_status":"closed","template":"","meta":{"_crdt_document":"","footnotes":""},"class_list":["post-214","page","type-page","status-publish","hentry"],"_links":{"self":[{"href":"https:\/\/nordboegge.info\/index.php?rest_route=\/wp\/v2\/pages\/214","targetHints":{"allow":["GET"]}}],"collection":[{"href":"https:\/\/nordboegge.info\/index.php?rest_route=\/wp\/v2\/pages"}],"about":[{"href":"https:\/\/nordboegge.info\/index.php?rest_route=\/wp\/v2\/types\/page"}],"author":[{"embeddable":true,"href":"https:\/\/nordboegge.info\/index.php?rest_route=\/wp\/v2\/users\/4"}],"replies":[{"embeddable":true,"href":"https:\/\/nordboegge.info\/index.php?rest_route=%2Fwp%2Fv2%2Fcomments&post=214"}],"version-history":[{"count":0,"href":"https:\/\/nordboegge.info\/index.php?rest_route=\/wp\/v2\/pages\/214\/revisions"}],"up":[{"embeddable":true,"href":"https:\/\/nordboegge.info\/index.php?rest_route=\/wp\/v2\/pages\/35"}],"wp:attachment":[{"href":"https:\/\/nordboegge.info\/index.php?rest_route=%2Fwp%2Fv2%2Fmedia&parent=214"}],"curies":[{"name":"wp","href":"https:\/\/api.w.org\/{rel}","templated":true}]}}