{"id":217,"date":"2018-08-16T09:03:33","date_gmt":"2018-08-16T07:03:33","guid":{"rendered":"https:\/\/nordboegge.info\/?page_id=217"},"modified":"2018-09-28T13:48:04","modified_gmt":"2018-09-28T11:48:04","slug":"vfk-nordboegge-1931-e-v","status":"publish","type":"page","link":"https:\/\/nordboegge.info\/?page_id=217","title":{"rendered":"VfK Nordb\u00f6gge 1931 e.V."},"content":{"rendered":"\n<div class=\"wp-block-image\"><figure class=\"alignleft is-resized\"><img loading=\"lazy\" decoding=\"async\" src=\"https:\/\/nordboegge.info\/wp-content\/uploads\/2018\/09\/VfK.jpg\" alt=\"\" class=\"wp-image-538\" width=\"203\" height=\"203\" srcset=\"https:\/\/nordboegge.info\/wp-content\/uploads\/2018\/09\/VfK.jpg 960w, https:\/\/nordboegge.info\/wp-content\/uploads\/2018\/09\/VfK-150x150.jpg 150w, https:\/\/nordboegge.info\/wp-content\/uploads\/2018\/09\/VfK-300x300.jpg 300w, https:\/\/nordboegge.info\/wp-content\/uploads\/2018\/09\/VfK-768x768.jpg 768w, https:\/\/nordboegge.info\/wp-content\/uploads\/2018\/09\/VfK-520x520.jpg 520w, https:\/\/nordboegge.info\/wp-content\/uploads\/2018\/09\/VfK-740x740.jpg 740w\" sizes=\"auto, (max-width: 203px) 100vw, 203px\" \/><figcaption>Fu\u00dfball an der gr\u00fcnen Eiche<\/figcaption><\/figure><\/div>\n\n\n\n<p class=\"wp-block-paragraph\">Um 1930 war die wirtschaftliche Situation in Deutschland alles andere als rosig. Arbeitslosigkeit und andere \u00fcble Begleiterscheinungen waren an der Tagesordnung. Um diese Zeit ruhte auch das sportliche Vereinsleben im Turnverein &#8222;Gr\u00fcne Eiche&#8220; Nordb\u00f6gge, der das Ger\u00e4teturnen pflegte. Sportbegeisterte M\u00e4nner jedoch, die auch Rasensport betreiben wollten, fanden sich nicht damit ab, da\u00df es in Nordb\u00f6gge keinen Sportverein und keinen Sportplatz gab. Auf Initiative des Sportskameraden Wilhelm Kerssenbrock, wurde die Gr\u00fcnderversammlung einberufen.<br\/>\nAm 14.4.1931 wurde der &#8222;Verein f\u00fcr K\u00f6rperpflege 1931&#8220; aus der Taufe gehoben. Der Verein trat der damaligen Dachorganisation &#8222;Deutsche Turnerschaft&#8220; bei. Als Erbe erhielt der VfK vom Turnverein &#8222;Gr\u00fcne Eiche&#8220; 150 Reichsmark.<\/p>\n\n\n\n<p class=\"wp-block-paragraph\" style=\"text-align:center\"><a href=\"http:\/\/www.vfk-nordboegge.de\/\" target=\"_blank\"><strong>Internetseite des VfK Nordb\u00f6gge 1931 e.V.<\/strong><\/a><\/p>\n","protected":false},"excerpt":{"rendered":"<p>Um 1930 war die wirtschaftliche Situation in Deutschland alles andere als rosig. Arbeitslosigkeit und andere \u00fcble Begleiterscheinungen waren an der Tagesordnung. Um diese Zeit ruhte auch das sportliche Vereinsleben im Turnverein &#8222;Gr\u00fcne Eiche&#8220; Nordb\u00f6gge, der das Ger\u00e4teturnen pflegte. Sportbegeisterte M\u00e4nner &hellip; <a href=\"https:\/\/nordboegge.info\/?page_id=217\">Weiterlesen <span class=\"meta-nav\">&rarr;<\/span><\/a><\/p>\n","protected":false},"author":4,"featured_media":0,"parent":35,"menu_order":0,"comment_status":"closed","ping_status":"closed","template":"","meta":{"_crdt_document":"","footnotes":""},"class_list":["post-217","page","type-page","status-publish","hentry"],"_links":{"self":[{"href":"https:\/\/nordboegge.info\/index.php?rest_route=\/wp\/v2\/pages\/217","targetHints":{"allow":["GET"]}}],"collection":[{"href":"https:\/\/nordboegge.info\/index.php?rest_route=\/wp\/v2\/pages"}],"about":[{"href":"https:\/\/nordboegge.info\/index.php?rest_route=\/wp\/v2\/types\/page"}],"author":[{"embeddable":true,"href":"https:\/\/nordboegge.info\/index.php?rest_route=\/wp\/v2\/users\/4"}],"replies":[{"embeddable":true,"href":"https:\/\/nordboegge.info\/index.php?rest_route=%2Fwp%2Fv2%2Fcomments&post=217"}],"version-history":[{"count":0,"href":"https:\/\/nordboegge.info\/index.php?rest_route=\/wp\/v2\/pages\/217\/revisions"}],"up":[{"embeddable":true,"href":"https:\/\/nordboegge.info\/index.php?rest_route=\/wp\/v2\/pages\/35"}],"wp:attachment":[{"href":"https:\/\/nordboegge.info\/index.php?rest_route=%2Fwp%2Fv2%2Fmedia&parent=217"}],"curies":[{"name":"wp","href":"https:\/\/api.w.org\/{rel}","templated":true}]}}