{"id":219,"date":"2018-08-16T09:06:27","date_gmt":"2018-08-16T07:06:27","guid":{"rendered":"https:\/\/nordboegge.info\/?page_id=219"},"modified":"2018-09-28T15:37:15","modified_gmt":"2018-09-28T13:37:15","slug":"kyffhaeuser-kameradschaft-nordboegge","status":"publish","type":"page","link":"https:\/\/nordboegge.info\/?page_id=219","title":{"rendered":"Kyffh\u00e4user Kameradschaft Nordb\u00f6gge"},"content":{"rendered":"\n<div class=\"wp-block-image\"><figure class=\"alignleft\"><img loading=\"lazy\" decoding=\"async\" width=\"200\" height=\"200\" src=\"https:\/\/nordboegge.info\/wp-content\/uploads\/2018\/09\/kyffhaeuser.jpg\" alt=\"\" class=\"wp-image-549\" srcset=\"https:\/\/nordboegge.info\/wp-content\/uploads\/2018\/09\/kyffhaeuser.jpg 200w, https:\/\/nordboegge.info\/wp-content\/uploads\/2018\/09\/kyffhaeuser-150x150.jpg 150w\" sizes=\"auto, (max-width: 200px) 100vw, 200px\" \/><\/figure><\/div>\n\n\n\n<p class=\"has-regular-font-size wp-block-paragraph\"><strong><em>Zur Geschichte der Kyffh\u00e4user Kammeradschaft<\/em><\/strong><br\/><em>Bereits 1786 wurde durch ehemalige F\u00fcsiliere Friedrichs des Gro\u00dfen ein Kriegerbund in Wangerin\/Pommern gegr\u00fcndet. Urspr\u00fcnglicher Zweck der Kriegervereine war es, ihren verstorbenen Mitgliedern und ehemaligen Soldaten ein ehrenvolles Grabgeleit zu geben. Den eigentlichen Auftrieb erhielten die Kriegervereine nach den milit\u00e4rischen Erfolgen Preu\u00dfens gegen D\u00e4nemark (1864) und \u00d6sterreich (1866) sowie dem Sieg \u00fcber Frankreich 1871.<\/em><br\/><em>Heute betont er seine Rolle als Reservisten- und Schie\u00dfsportverband.<br\/><br\/><\/em><br\/><\/p>\n\n\n\n<blockquote class=\"wp-block-quote is-layout-flow wp-block-quote-is-layout-flow\"><p><\/p><cite>Du interessierst dich f\u00fcr den Schie\u00dfsport in einer Gemeinschaft netter Kameraden? Und m\u00f6chtest gerne ausprobieren, ob dir das Schie\u00dfen Freude macht? <br\/>Dann bist du herzlich eingeladen, uns zum Schnupperschie\u00dfen zu besuchen.<br\/>Wir trainieren auf einem 50 Meter-Stand mit Kleinkaliber-Gewehren und -Pistolen. Au\u00dferdem haben wir einen 10 Meter-Stand, auf dem wir mit Luftgewehren und Luftpistolen schie\u00dfen.<br\/>Wenn du Gefallen am sportlichen Schie\u00dfen findest, dann kannst du auch an Wettk\u00e4mpfen in NRW teilnehmen und dich mit anderen Kameraden messen. \u00dcber unseren Landesverband kannst du dich auch zum Schie\u00dfsportleiter, Jugendleiter oder zum Waffensachkundigen ausbilden lassen.<br\/>Auch das gemeinschaftliche Zusammensein kommt bei uns nicht zu kurz. Ob Osterfeuer, Sommerparty, Sch\u00fctzenfest oder unser Jahresabschlusskegeln &#8211; wir wissen, wie man feiert!<br\/>Bei uns f\u00fchlen sich Jung und Alt gleicherma\u00dfen gut aufgehoben.<br\/>Ruf&#8216; uns an, schreib&#8216; uns eine Mail oder komm&#8216; einfach zu unseren Trainingszeiten vorbei. Wir freuen uns auf dich!<br\/>Deine Kyffh\u00e4user Kameradschaft Nordb\u00f6gge<br\/><\/cite><\/blockquote>\n\n\n\n<p class=\"wp-block-paragraph\" style=\"text-align:center\"><a href=\"https:\/\/www.facebook.com\/kk.nordboegge\/\" target=\"_blank\"><strong>Facebookseite der Kyffh\u00e4user Kameradschaft Nordb\u00f6gge<\/strong><\/a><\/p>\n\n\n\n<p class=\"wp-block-paragraph\" style=\"text-align:center\"><a href=\"https:\/\/www.kyffhaeuserbundev.de\/\" target=\"_blank\">Internetseite des Kyffhaeuserbund e.V.<\/a><\/p>\n","protected":false},"excerpt":{"rendered":"<p>Zur Geschichte der Kyffh\u00e4user KammeradschaftBereits 1786 wurde durch ehemalige F\u00fcsiliere Friedrichs des Gro\u00dfen ein Kriegerbund in Wangerin\/Pommern gegr\u00fcndet. Urspr\u00fcnglicher Zweck der Kriegervereine war es, ihren verstorbenen Mitgliedern und ehemaligen Soldaten ein ehrenvolles Grabgeleit zu geben. Den eigentlichen Auftrieb erhielten die &hellip; <a href=\"https:\/\/nordboegge.info\/?page_id=219\">Weiterlesen <span class=\"meta-nav\">&rarr;<\/span><\/a><\/p>\n","protected":false},"author":4,"featured_media":0,"parent":35,"menu_order":0,"comment_status":"closed","ping_status":"closed","template":"","meta":{"_crdt_document":"","footnotes":""},"class_list":["post-219","page","type-page","status-publish","hentry"],"_links":{"self":[{"href":"https:\/\/nordboegge.info\/index.php?rest_route=\/wp\/v2\/pages\/219","targetHints":{"allow":["GET"]}}],"collection":[{"href":"https:\/\/nordboegge.info\/index.php?rest_route=\/wp\/v2\/pages"}],"about":[{"href":"https:\/\/nordboegge.info\/index.php?rest_route=\/wp\/v2\/types\/page"}],"author":[{"embeddable":true,"href":"https:\/\/nordboegge.info\/index.php?rest_route=\/wp\/v2\/users\/4"}],"replies":[{"embeddable":true,"href":"https:\/\/nordboegge.info\/index.php?rest_route=%2Fwp%2Fv2%2Fcomments&post=219"}],"version-history":[{"count":0,"href":"https:\/\/nordboegge.info\/index.php?rest_route=\/wp\/v2\/pages\/219\/revisions"}],"up":[{"embeddable":true,"href":"https:\/\/nordboegge.info\/index.php?rest_route=\/wp\/v2\/pages\/35"}],"wp:attachment":[{"href":"https:\/\/nordboegge.info\/index.php?rest_route=%2Fwp%2Fv2%2Fmedia&parent=219"}],"curies":[{"name":"wp","href":"https:\/\/api.w.org\/{rel}","templated":true}]}}