{"id":223,"date":"2018-08-16T09:09:51","date_gmt":"2018-08-16T07:09:51","guid":{"rendered":"https:\/\/nordboegge.info\/?page_id=223"},"modified":"2018-09-29T13:12:03","modified_gmt":"2018-09-29T11:12:03","slug":"reit-u-fahrverein-nordboegge-lerche-e-v","status":"publish","type":"page","link":"https:\/\/nordboegge.info\/?page_id=223","title":{"rendered":"Reit- u. Fahrverein Nordb\u00f6gge-Lerche e.V."},"content":{"rendered":"\n<div class=\"wp-block-image\"><figure class=\"alignleft is-resized\"><img loading=\"lazy\" decoding=\"async\" src=\"https:\/\/nordboegge.info\/wp-content\/uploads\/2018\/09\/Logo-Reitverein-02.jpg\" alt=\"\" class=\"wp-image-569\" width=\"205\" height=\"195\"\/><\/figure><\/div>\n\n\n\n<p class=\"wp-block-paragraph\">Im Jahr 1980 wurde der Reit- und Fahrverein Nordb\u00f6gge-Lerche e.V. gegr\u00fcndet.<br\/><br\/><br\/><br\/>Der RFV Nordb\u00f6gge-Lerche e.V. bietet seinen Mitgliedern viele Verg\u00fcnstigungen (z.B. Vereinsreitstunden) und organisiert im Laufe eines Jahres viele unterschiedliche Veranstaltungen f\u00fcr die Vereinsmitglieder. <br\/><br\/>Das Schulpferde-Angebot richtet sich an Anf\u00e4nger, Fortgeschrittene und Wiedereinsteiger. Hierf\u00fcr stehen uns sowohl Ponys als auch Kleinpferde zur Verf\u00fcgung.<br\/>F\u00fcr Reiter mit Privatpferden sowie Reiter die eine Reitbeteiligung auf Privatpferden haben bieten wir werktags t\u00e4glich unterschiedliche Reitstunden an. Um eine bestm\u00f6gliche Ausbildung der Reiter gew\u00e4hrleisten zu k\u00f6nnen, werden diese von unseren Ausbildern\u00a0je nach Ausbildungsstand und sofern terminlich m\u00f6glich in die Reitstunden eingeteilt. <br\/>Zus\u00e4tzlich zu den normalen Unterrichtsangeboten, bietet der Verein seinen Mitgliedern in regelm\u00e4\u00dfigen Abst\u00e4nden die M\u00f6glichkeit an Lehrg\u00e4ngen auf der Vereinsanlage teilzunehmen und sich so in unterschiedlichen Themengebieten weiterzubilden. <br\/><br\/>Dar\u00fcber hinaus ist die J\u00e4hrliche Reiterparty in der Dorfgemeinschaft sehr beliebt.<br\/><br\/><\/p>\n\n\n\n<p class=\"wp-block-paragraph\" style=\"text-align:center\"><a href=\"https:\/\/www.rfv-nordboegge-lerche.de\" target=\"_blank\">Internetseite RFV Nordb\u00f6gge-Lerche e.V. <\/a><br\/><\/p>\n","protected":false},"excerpt":{"rendered":"<p>Im Jahr 1980 wurde der Reit- und Fahrverein Nordb\u00f6gge-Lerche e.V. gegr\u00fcndet. Der RFV Nordb\u00f6gge-Lerche e.V. bietet seinen Mitgliedern viele Verg\u00fcnstigungen (z.B. Vereinsreitstunden) und organisiert im Laufe eines Jahres viele unterschiedliche Veranstaltungen f\u00fcr die Vereinsmitglieder. Das Schulpferde-Angebot richtet sich an Anf\u00e4nger, &hellip; <a href=\"https:\/\/nordboegge.info\/?page_id=223\">Weiterlesen <span class=\"meta-nav\">&rarr;<\/span><\/a><\/p>\n","protected":false},"author":4,"featured_media":0,"parent":35,"menu_order":0,"comment_status":"closed","ping_status":"closed","template":"","meta":{"_crdt_document":"","footnotes":""},"class_list":["post-223","page","type-page","status-publish","hentry"],"_links":{"self":[{"href":"https:\/\/nordboegge.info\/index.php?rest_route=\/wp\/v2\/pages\/223","targetHints":{"allow":["GET"]}}],"collection":[{"href":"https:\/\/nordboegge.info\/index.php?rest_route=\/wp\/v2\/pages"}],"about":[{"href":"https:\/\/nordboegge.info\/index.php?rest_route=\/wp\/v2\/types\/page"}],"author":[{"embeddable":true,"href":"https:\/\/nordboegge.info\/index.php?rest_route=\/wp\/v2\/users\/4"}],"replies":[{"embeddable":true,"href":"https:\/\/nordboegge.info\/index.php?rest_route=%2Fwp%2Fv2%2Fcomments&post=223"}],"version-history":[{"count":0,"href":"https:\/\/nordboegge.info\/index.php?rest_route=\/wp\/v2\/pages\/223\/revisions"}],"up":[{"embeddable":true,"href":"https:\/\/nordboegge.info\/index.php?rest_route=\/wp\/v2\/pages\/35"}],"wp:attachment":[{"href":"https:\/\/nordboegge.info\/index.php?rest_route=%2Fwp%2Fv2%2Fmedia&parent=223"}],"curies":[{"name":"wp","href":"https:\/\/api.w.org\/{rel}","templated":true}]}}