{"id":225,"date":"2018-08-16T09:11:23","date_gmt":"2018-08-16T07:11:23","guid":{"rendered":"https:\/\/nordboegge.info\/?page_id=225"},"modified":"2018-09-28T19:49:57","modified_gmt":"2018-09-28T17:49:57","slug":"siedlergemeinschaft-nordboegge","status":"publish","type":"page","link":"https:\/\/nordboegge.info\/?page_id=225","title":{"rendered":"Siedlergemeinschaft Nordb\u00f6gge"},"content":{"rendered":"\n<div class=\"wp-block-image\"><figure class=\"alignleft\"><img loading=\"lazy\" decoding=\"async\" width=\"220\" height=\"122\" src=\"https:\/\/nordboegge.info\/wp-content\/uploads\/2018\/09\/siedlerverband.jpg\" alt=\"\" class=\"wp-image-555\"\/><\/figure><\/div>\n\n\n\n<p class=\"wp-block-paragraph\">Die Siedlergemeinschaft Nordb\u00f6gge im n\u00f6rdlichsten Ortsteil von B\u00f6nen, ist zu einer starken Gemeinschaft zusammen gewachsen. Derzeit haben wir insgesamt 205 Siedlerfamilien im Verband Wohneigentum Gemeinschaft Nordb\u00f6gge. Die Siedlergemeinschaft Nordb\u00f6gge kann auf eine lange Tradition zur\u00fcckblicken. Gemeinsame Aktivit\u00e4ten wie das traditionelle Herbstfest, Wandertage durch den eigenen Ort oder aber Tagesausfl\u00fcge finden immer reges Interesse.<br\/><br\/>Bereits 1934 entstanden die ersten Siedlerstellen im Bereich der heutigen B\u00f6ingholzstra\u00dfe und B\u00f6nener Stra\u00dfe. Die ersten H\u00e4user hatten ein einheitliches Aussehen. Die f\u00fcr heutige Verh\u00e4ltnisse gro\u00dfen Grundst\u00fccke hatten den Hintergrund, die dort lebenden Familien als Selbstversorger zu betrachten. Kartoffeln, Obst und Gem\u00fcse sollten aus dem eigenen Garten in die K\u00fcche gelangen. Zudem geh\u00f6rte zu jedem Haus ein Stall, in der Haustiere gehalten werden sollten. Die H\u00e4user der Siedlerstellen hatten eine einfache Ausstattung, ein genormtes Aussehen und waren somit f\u00fcr die Siedler erschwinglich. Die neu geschaffenen Siedlerstellen hatten lange Bestand. Die Siedlergemeinschaften verfolgten den Zweck, das Zusammengeh\u00f6rigkeitsgef\u00fchl zu st\u00e4rken, gr\u00f6\u00dfere anfallende Arbeiten gemeinsam durchzuf\u00fchren und Hilfe zur Selbsthilfe zu praktizieren.<br\/><br\/>Nach dem 2. Weltkrieg und zu Beginn der 50er Jahre wurde man auch auf anderen Gebieten aktiv. So wurden im Zuge der Aufbauma\u00dfnahmen neue Siedlungs- und Wohngebiete erschlossen, Bebauungspl\u00e4ne aufgestellt, Stra\u00dfen ausgebaut und begradigt. Auf Betreiben der Siedler wurde am 3. September 1955 sogar die erste M\u00fcllabfuhr in Nordb\u00f6gge durchgef\u00fchrt. Stark in den Vordergrund gestellt wurde damals wie heute die Pflege der Gemeinschaft. So geh\u00f6rt es beispielsweise nach wie vor zur Tradition, ein j\u00e4hrliches Herbstfest mit einem gemeinsamen Essen und einem Musiker durchzuf\u00fchren. Hier darf nat\u00fcrlich auch getanzt werden.<\/p>\n\n\n\n<p class=\"wp-block-paragraph\" style=\"text-align:center\"><a href=\"https:\/\/www.verband-wohneigentum.de\/nordboegge\/on213292\" target=\"_blank\"><strong>Internetseite der Siedlergemeinschaft Nordb\u00f6gge<\/strong><\/a><\/p>\n","protected":false},"excerpt":{"rendered":"<p>Die Siedlergemeinschaft Nordb\u00f6gge im n\u00f6rdlichsten Ortsteil von B\u00f6nen, ist zu einer starken Gemeinschaft zusammen gewachsen. Derzeit haben wir insgesamt 205 Siedlerfamilien im Verband Wohneigentum Gemeinschaft Nordb\u00f6gge. Die Siedlergemeinschaft Nordb\u00f6gge kann auf eine lange Tradition zur\u00fcckblicken. Gemeinsame Aktivit\u00e4ten wie das traditionelle &hellip; <a href=\"https:\/\/nordboegge.info\/?page_id=225\">Weiterlesen <span class=\"meta-nav\">&rarr;<\/span><\/a><\/p>\n","protected":false},"author":4,"featured_media":0,"parent":35,"menu_order":0,"comment_status":"closed","ping_status":"closed","template":"","meta":{"_crdt_document":"","footnotes":""},"class_list":["post-225","page","type-page","status-publish","hentry"],"_links":{"self":[{"href":"https:\/\/nordboegge.info\/index.php?rest_route=\/wp\/v2\/pages\/225","targetHints":{"allow":["GET"]}}],"collection":[{"href":"https:\/\/nordboegge.info\/index.php?rest_route=\/wp\/v2\/pages"}],"about":[{"href":"https:\/\/nordboegge.info\/index.php?rest_route=\/wp\/v2\/types\/page"}],"author":[{"embeddable":true,"href":"https:\/\/nordboegge.info\/index.php?rest_route=\/wp\/v2\/users\/4"}],"replies":[{"embeddable":true,"href":"https:\/\/nordboegge.info\/index.php?rest_route=%2Fwp%2Fv2%2Fcomments&post=225"}],"version-history":[{"count":0,"href":"https:\/\/nordboegge.info\/index.php?rest_route=\/wp\/v2\/pages\/225\/revisions"}],"up":[{"embeddable":true,"href":"https:\/\/nordboegge.info\/index.php?rest_route=\/wp\/v2\/pages\/35"}],"wp:attachment":[{"href":"https:\/\/nordboegge.info\/index.php?rest_route=%2Fwp%2Fv2%2Fmedia&parent=225"}],"curies":[{"name":"wp","href":"https:\/\/api.w.org\/{rel}","templated":true}]}}