{"id":227,"date":"2018-08-16T09:12:20","date_gmt":"2018-08-16T07:12:20","guid":{"rendered":"https:\/\/nordboegge.info\/?page_id=227"},"modified":"2025-07-19T12:37:12","modified_gmt":"2025-07-19T10:37:12","slug":"foerderverein-kindergarten-immanuel-nordboegge-e-v","status":"publish","type":"page","link":"https:\/\/nordboegge.info\/?page_id=227","title":{"rendered":"F\u00f6rderverein Kindergarten Immanuel Nordb\u00f6gge e.v."},"content":{"rendered":"\n<figure class=\"wp-block-image\"><img loading=\"lazy\" decoding=\"async\" width=\"860\" height=\"268\" src=\"https:\/\/nordboegge.info\/wp-content\/uploads\/2018\/08\/fvkn-logo.jpg\" alt=\"\" class=\"wp-image-356\" srcset=\"https:\/\/nordboegge.info\/wp-content\/uploads\/2018\/08\/fvkn-logo.jpg 860w, https:\/\/nordboegge.info\/wp-content\/uploads\/2018\/08\/fvkn-logo-300x93.jpg 300w, https:\/\/nordboegge.info\/wp-content\/uploads\/2018\/08\/fvkn-logo-768x239.jpg 768w, https:\/\/nordboegge.info\/wp-content\/uploads\/2018\/08\/fvkn-logo-520x162.jpg 520w, https:\/\/nordboegge.info\/wp-content\/uploads\/2018\/08\/fvkn-logo-740x231.jpg 740w\" sizes=\"auto, (max-width: 860px) 100vw, 860px\" \/><\/figure>\n\n\n\n<p class=\"wp-block-paragraph\">Am 23. November 2011 kamen einige Eltern in die Kita &#8222;Immanuel&#8220; zusammen, um \u00fcber einen F\u00f6rderverein zu beraten und ihn letztendlich auch zu beschlie\u00dfen. Dass dies notwendig sei, dar\u00fcber waren sich alle einig. &#8222;Eine Kita darf keine Spenden annehmen oder diese selbstst\u00e4ndig verwalten&#8220;, kl\u00e4rte Heike Alberti \u00fcber die Vorteile eines solchen Vereins auf:\u00a0&#8222;Ein F\u00f6rderverein darf das jedoch&#8220;.<br><br><a href=\"https:\/\/www.facebook.com\/FoedervereinKiTaImmanuel\" target=\"_blank\" rel=\"noreferrer noopener\">Internetseite des F\u00f6rderverein Kindergarten Immanuel Nordb\u00f6gge e.V.<\/a><br><br><a href=\"http:\/\/www.evkitaimmanuel-nordboegge.de\/\" target=\"_blank\">Internetseite des Ev. KITA Immanuel Kindergarten Nordb\u00f6gge<\/a><br><br><br><\/p>\n","protected":false},"excerpt":{"rendered":"<p>Am 23. November 2011 kamen einige Eltern in die Kita &#8222;Immanuel&#8220; zusammen, um \u00fcber einen F\u00f6rderverein zu beraten und ihn letztendlich auch zu beschlie\u00dfen. Dass dies notwendig sei, dar\u00fcber waren sich alle einig. &#8222;Eine Kita darf keine Spenden annehmen oder &hellip; <a href=\"https:\/\/nordboegge.info\/?page_id=227\">Weiterlesen <span class=\"meta-nav\">&rarr;<\/span><\/a><\/p>\n","protected":false},"author":4,"featured_media":0,"parent":35,"menu_order":0,"comment_status":"closed","ping_status":"closed","template":"","meta":{"_crdt_document":"","footnotes":""},"class_list":["post-227","page","type-page","status-publish","hentry"],"_links":{"self":[{"href":"https:\/\/nordboegge.info\/index.php?rest_route=\/wp\/v2\/pages\/227","targetHints":{"allow":["GET"]}}],"collection":[{"href":"https:\/\/nordboegge.info\/index.php?rest_route=\/wp\/v2\/pages"}],"about":[{"href":"https:\/\/nordboegge.info\/index.php?rest_route=\/wp\/v2\/types\/page"}],"author":[{"embeddable":true,"href":"https:\/\/nordboegge.info\/index.php?rest_route=\/wp\/v2\/users\/4"}],"replies":[{"embeddable":true,"href":"https:\/\/nordboegge.info\/index.php?rest_route=%2Fwp%2Fv2%2Fcomments&post=227"}],"version-history":[{"count":1,"href":"https:\/\/nordboegge.info\/index.php?rest_route=\/wp\/v2\/pages\/227\/revisions"}],"predecessor-version":[{"id":1285,"href":"https:\/\/nordboegge.info\/index.php?rest_route=\/wp\/v2\/pages\/227\/revisions\/1285"}],"up":[{"embeddable":true,"href":"https:\/\/nordboegge.info\/index.php?rest_route=\/wp\/v2\/pages\/35"}],"wp:attachment":[{"href":"https:\/\/nordboegge.info\/index.php?rest_route=%2Fwp%2Fv2%2Fmedia&parent=227"}],"curies":[{"name":"wp","href":"https:\/\/api.w.org\/{rel}","templated":true}]}}