{"id":229,"date":"2018-08-16T09:13:00","date_gmt":"2018-08-16T07:13:00","guid":{"rendered":"https:\/\/nordboegge.info\/?page_id=229"},"modified":"2025-07-19T12:34:16","modified_gmt":"2025-07-19T10:34:16","slug":"spielmannszug-boenen-nordboegge-1925-e-v","status":"publish","type":"page","link":"https:\/\/nordboegge.info\/?page_id=229","title":{"rendered":"Spielmannszug B\u00f6nen &#8211; Nordb\u00f6gge 1925 e.V."},"content":{"rendered":"<div class=\"wp-block-image\">\n<figure class=\"alignleft\"><img loading=\"lazy\" decoding=\"async\" width=\"135\" height=\"176\" src=\"https:\/\/nordboegge.info\/wp-content\/uploads\/2018\/09\/spz.jpg\" alt=\"\" class=\"wp-image-541\"\/><\/figure>\n<\/div>\n\n\n<p class=\"wp-block-paragraph\">Am 24. Mai 1925 wurde der Spielmannszug von der Freiwilligen Feuerwehr Nordb\u00f6gge gegr\u00fcndet. <br>\nLaut Protokoll der Feuerwehr, wurde beschlossen ein Tambourcorps in der St\u00e4rke von 13 Mann ins Leben zu rufen. Der erste Leiter war Hugo Adrian. Schon beim ersten Ausmarsch bestand der Verein aus 19 Spielleuten.<br>\nIm Jahre 1925 \u00fcbernahm Willi Kerssenbrock die musikalische Leitung, die er 40 Jahre inne hatte.<\/p>\n\n\n<div class=\"wp-block-image\">\n<figure class=\"alignright is-resized\"><img loading=\"lazy\" decoding=\"async\" width=\"800\" height=\"515\" src=\"https:\/\/nordboegge.info\/wp-content\/uploads\/2018\/09\/1926.jpg\" alt=\"\" class=\"wp-image-542\" style=\"width:350px;height:224px\" srcset=\"https:\/\/nordboegge.info\/wp-content\/uploads\/2018\/09\/1926.jpg 800w, https:\/\/nordboegge.info\/wp-content\/uploads\/2018\/09\/1926-300x193.jpg 300w, https:\/\/nordboegge.info\/wp-content\/uploads\/2018\/09\/1926-768x494.jpg 768w, https:\/\/nordboegge.info\/wp-content\/uploads\/2018\/09\/1926-520x335.jpg 520w, https:\/\/nordboegge.info\/wp-content\/uploads\/2018\/09\/1926-740x476.jpg 740w\" sizes=\"auto, (max-width: 800px) 100vw, 800px\" \/><figcaption class=\"wp-element-caption\"> Im Gr\u00fcnderjahr <\/figcaption><\/figure>\n<\/div>\n\n\n<p class=\"wp-block-paragraph\">Das Jahr 1976 brachte eine entscheidende Wende f\u00fcr den Verein. <br>Man beschloss Jugendliche aufzunehmen. Au\u00dferdem nahm man das erste Mal M\u00e4dchen in die Reihen der Spielleute auf. <br>Dieser Beschluss war ein Wendepunkt in der Vereinsgeschichte. <br>Schon am 1. Mai 1977 marschierten 29 Spielleute durch die Gemeinde.<br>Der musikalische Erfolg lie\u00df nicht lange auf sich warten.&nbsp; Im Jahre 1980 nahm man zum ersten Mal an einem Wettstreit teil und belegte auf Anhieb den 1. Platz. Durch diesen Erfolg angetrieben, wurde 1981 eine Schallplatte (Single) aufgenommen. Auf ihr sind zu h\u00f6ren, die Musikst\u00fccke \u201eMarsch der Freundschaft,, (March de l&#8217;ametie), komponiert von dem damaligem \u00dcbungsleiter Willi Kampmeyer, um das Band zur Partnerschafts-Stadt Billy-Montigny in Frankreich und B\u00f6nen musikalisch zu festigen. Au\u00dferdem der Marsch \u201eJunges Blut&#8220;, welcher ebenfalls von Willi Kampmeyer bearbeitet wurde. Ein weiterer H\u00f6hepunkt war, als die beiden St\u00fccke bei einem Sonntagsfr\u00fchkonzert des WDR gespielt wurden.<br>Seit 1981 ist der Spielmannszug in das Vereinsregister eingetragen und <br>darf sich&nbsp; &#8222;SPIELMANNSZUG NORDB\u00d6GGE 1925 e.V.&#8220;&nbsp; nennen.<br>Ein Jahr sp\u00e4ter schloss man sich dem Verband der Tambour- und <br>Fanfaren-Corps NRW an.<\/p>\n\n\n\n<p class=\"wp-block-paragraph\">Eine wichtige Aufgabe ist die musikalische Ausbildung von jungen Menschen. <br>Der Verein freut sich \u00fcber Jedes neue aktive wie auch passive Mitglied, <br>damit sich auch in Zukunft viele Menschen auf den Sch\u00fctzenfesten an der <br>Musik des Spielmannszuges Nordb\u00f6gge erfreuen k\u00f6nnen.<br><br> Musikalische Ereignisse, wie z.B. unser erster &#8222;Grosser Zapfensrteich&#8220;<br>und die damit verbundenen Erfolge, waren mit verantwortlich daf\u00fcr, <br>dass wir musikalisch immer ehrgeiziger wurden. <br>Das Repertoire wurde um einiges erweitert. Bekannte M\u00e4rsche,&nbsp; wie z.B. \u201eHeinzelm\u00e4nnchens Wachparade&#8220; oder\u201eChianti Wein&#8220; bereicherten die Auftritte<\/p>\n\n\n\n<p class=\"has-text-align-center has-small-font-size wp-block-paragraph\"><a href=\"https:\/\/de-de.facebook.com\/pages\/category\/Album\/Spielmannszug-B%C3%B6nen-Nordb%C3%B6gge-1925-eV-507542979282959\/\" target=\"_blank\"><strong>Facebookseite des Spielmannszug Nordb\u00f6gge 1925 e.V.<\/strong><\/a> <br><\/p>\n","protected":false},"excerpt":{"rendered":"<p>Am 24. Mai 1925 wurde der Spielmannszug von der Freiwilligen Feuerwehr Nordb\u00f6gge gegr\u00fcndet. Laut Protokoll der Feuerwehr, wurde beschlossen ein Tambourcorps in der St\u00e4rke von 13 Mann ins Leben zu rufen. Der erste Leiter war Hugo Adrian. Schon beim ersten &hellip; <a href=\"https:\/\/nordboegge.info\/?page_id=229\">Weiterlesen <span class=\"meta-nav\">&rarr;<\/span><\/a><\/p>\n","protected":false},"author":4,"featured_media":0,"parent":35,"menu_order":0,"comment_status":"closed","ping_status":"closed","template":"","meta":{"_crdt_document":"","footnotes":""},"class_list":["post-229","page","type-page","status-publish","hentry"],"_links":{"self":[{"href":"https:\/\/nordboegge.info\/index.php?rest_route=\/wp\/v2\/pages\/229","targetHints":{"allow":["GET"]}}],"collection":[{"href":"https:\/\/nordboegge.info\/index.php?rest_route=\/wp\/v2\/pages"}],"about":[{"href":"https:\/\/nordboegge.info\/index.php?rest_route=\/wp\/v2\/types\/page"}],"author":[{"embeddable":true,"href":"https:\/\/nordboegge.info\/index.php?rest_route=\/wp\/v2\/users\/4"}],"replies":[{"embeddable":true,"href":"https:\/\/nordboegge.info\/index.php?rest_route=%2Fwp%2Fv2%2Fcomments&post=229"}],"version-history":[{"count":1,"href":"https:\/\/nordboegge.info\/index.php?rest_route=\/wp\/v2\/pages\/229\/revisions"}],"predecessor-version":[{"id":1283,"href":"https:\/\/nordboegge.info\/index.php?rest_route=\/wp\/v2\/pages\/229\/revisions\/1283"}],"up":[{"embeddable":true,"href":"https:\/\/nordboegge.info\/index.php?rest_route=\/wp\/v2\/pages\/35"}],"wp:attachment":[{"href":"https:\/\/nordboegge.info\/index.php?rest_route=%2Fwp%2Fv2%2Fmedia&parent=229"}],"curies":[{"name":"wp","href":"https:\/\/api.w.org\/{rel}","templated":true}]}}