{"id":231,"date":"2018-08-16T09:14:17","date_gmt":"2018-08-16T07:14:17","guid":{"rendered":"https:\/\/nordboegge.info\/?page_id=231"},"modified":"2025-07-19T12:35:52","modified_gmt":"2025-07-19T10:35:52","slug":"mgv-nordboegge-1908","status":"publish","type":"page","link":"https:\/\/nordboegge.info\/?page_id=231","title":{"rendered":"MGV Nordb\u00f6gge 1908"},"content":{"rendered":"<div class=\"wp-block-image\">\n<figure class=\"alignleft is-resized\"><img loading=\"lazy\" decoding=\"async\" width=\"619\" height=\"206\" src=\"https:\/\/nordboegge.info\/wp-content\/uploads\/2018\/09\/mgv.jpg\" alt=\"\" class=\"wp-image-557\" style=\"width:373px;height:124px\" srcset=\"https:\/\/nordboegge.info\/wp-content\/uploads\/2018\/09\/mgv.jpg 619w, https:\/\/nordboegge.info\/wp-content\/uploads\/2018\/09\/mgv-300x100.jpg 300w, https:\/\/nordboegge.info\/wp-content\/uploads\/2018\/09\/mgv-520x173.jpg 520w\" sizes=\"auto, (max-width: 619px) 100vw, 619px\" \/><figcaption class=\"wp-element-caption\"> Ein sattes Jahrhundert Chorgesang aus m\u00e4nnlichen Kehlen. <\/figcaption><\/figure>\n<\/div>\n\n\n<p class=\"wp-block-paragraph\">Im Jahr 2008 feierte der MGV Nordb\u00f6gge sein 100-j\u00e4hrigen Geburtstag.<br><br><br><br><\/p>\n\n\n\n<blockquote class=\"wp-block-quote is-layout-flow wp-block-quote-is-layout-flow\">\n<p class=\"wp-block-paragraph\">Vorsitzender Walter Theiler:<\/p>\n<cite> Dieser Verein gr\u00fcndete sich in einer Zeit des Imperialismus und des \u00fcbersteigerten Nationalismus. Vielleicht suchten die damaligen Gr\u00fcnder nach einer unpolitischen L\u00fccke. Dennoch erlag das Vereinsleben einigen Unterbrechungen zweite katastrophaler Weltkriege <\/cite><\/blockquote>\n\n\n\n<p class=\"has-text-align-center wp-block-paragraph\">Im Chor zu singen macht Spa\u00df und bringt Freude. <br>Es belebt Geist und K\u00f6rper ganz nach dem Motto: Sing mit! Bleib fit!<\/p>\n\n\n\n<p class=\"has-text-align-center wp-block-paragraph\"><a href=\"https:\/\/www.wa.de\/lokales\/boenen\/maennergesangverein-nordboegge-macht-schluss-11702791.html\" target=\"_blank\" rel=\"noreferrer noopener\"><strong>2019 &#8211; M\u00e4nnergesangverein Nordb\u00f6gge macht Schluss<\/strong><\/a><\/p>\n\n\n\n<p class=\"wp-block-paragraph\"><br><\/p>\n","protected":false},"excerpt":{"rendered":"<p>Im Jahr 2008 feierte der MGV Nordb\u00f6gge sein 100-j\u00e4hrigen Geburtstag. Vorsitzender Walter Theiler: Dieser Verein gr\u00fcndete sich in einer Zeit des Imperialismus und des \u00fcbersteigerten Nationalismus. Vielleicht suchten die damaligen Gr\u00fcnder nach einer unpolitischen L\u00fccke. Dennoch erlag das Vereinsleben einigen &hellip; <a href=\"https:\/\/nordboegge.info\/?page_id=231\">Weiterlesen <span class=\"meta-nav\">&rarr;<\/span><\/a><\/p>\n","protected":false},"author":4,"featured_media":0,"parent":35,"menu_order":0,"comment_status":"closed","ping_status":"closed","template":"","meta":{"_crdt_document":"","footnotes":""},"class_list":["post-231","page","type-page","status-publish","hentry"],"_links":{"self":[{"href":"https:\/\/nordboegge.info\/index.php?rest_route=\/wp\/v2\/pages\/231","targetHints":{"allow":["GET"]}}],"collection":[{"href":"https:\/\/nordboegge.info\/index.php?rest_route=\/wp\/v2\/pages"}],"about":[{"href":"https:\/\/nordboegge.info\/index.php?rest_route=\/wp\/v2\/types\/page"}],"author":[{"embeddable":true,"href":"https:\/\/nordboegge.info\/index.php?rest_route=\/wp\/v2\/users\/4"}],"replies":[{"embeddable":true,"href":"https:\/\/nordboegge.info\/index.php?rest_route=%2Fwp%2Fv2%2Fcomments&post=231"}],"version-history":[{"count":1,"href":"https:\/\/nordboegge.info\/index.php?rest_route=\/wp\/v2\/pages\/231\/revisions"}],"predecessor-version":[{"id":1284,"href":"https:\/\/nordboegge.info\/index.php?rest_route=\/wp\/v2\/pages\/231\/revisions\/1284"}],"up":[{"embeddable":true,"href":"https:\/\/nordboegge.info\/index.php?rest_route=\/wp\/v2\/pages\/35"}],"wp:attachment":[{"href":"https:\/\/nordboegge.info\/index.php?rest_route=%2Fwp%2Fv2%2Fmedia&parent=231"}],"curies":[{"name":"wp","href":"https:\/\/api.w.org\/{rel}","templated":true}]}}