{"id":251,"date":"2018-08-16T09:38:42","date_gmt":"2018-08-16T07:38:42","guid":{"rendered":"https:\/\/nordboegge.info\/?page_id=251"},"modified":"2025-07-19T12:04:45","modified_gmt":"2025-07-19T10:04:45","slug":"schuetzenplatz","status":"publish","type":"page","link":"https:\/\/nordboegge.info\/?page_id=251","title":{"rendered":"Sch\u00fctzenwiese"},"content":{"rendered":"\n<div class=\"wp-block-buttons is-horizontal is-content-justification-center is-layout-flex wp-container-core-buttons-is-layout-b618d73c wp-block-buttons-is-layout-flex\">\n<div class=\"wp-block-button is-style-outline is-style-outline--1\"><a class=\"wp-block-button__link wp-element-button\" href=\"https:\/\/nordboegge.info\/?page_id=257\">&lt;-<\/a><\/div>\n\n\n\n<div class=\"wp-block-button is-style-outline is-style-outline--2\"><a class=\"wp-block-button__link wp-element-button\" href=\"https:\/\/nordboegge.info\/?page_id=19\">^<\/a><\/div>\n\n\n\n<div class=\"wp-block-button is-style-outline is-style-outline--3\"><a class=\"wp-block-button__link wp-element-button\" href=\"https:\/\/nordboegge.info\/?page_id=12\">-&gt;<\/a><\/div>\n<\/div>\n\n\n\n<p class=\"wp-block-paragraph\"><\/p>\n\n\n\n<figure class=\"wp-block-image\"><img loading=\"lazy\" decoding=\"async\" width=\"2048\" height=\"1152\" src=\"https:\/\/nordboegge.info\/wp-content\/uploads\/2018\/09\/Schuetzenwiese.jpg\" alt=\"\" class=\"wp-image-423\" srcset=\"https:\/\/nordboegge.info\/wp-content\/uploads\/2018\/09\/Schuetzenwiese.jpg 2048w, https:\/\/nordboegge.info\/wp-content\/uploads\/2018\/09\/Schuetzenwiese-300x169.jpg 300w, https:\/\/nordboegge.info\/wp-content\/uploads\/2018\/09\/Schuetzenwiese-768x432.jpg 768w, https:\/\/nordboegge.info\/wp-content\/uploads\/2018\/09\/Schuetzenwiese-1024x576.jpg 1024w, https:\/\/nordboegge.info\/wp-content\/uploads\/2018\/09\/Schuetzenwiese-520x293.jpg 520w, https:\/\/nordboegge.info\/wp-content\/uploads\/2018\/09\/Schuetzenwiese-740x416.jpg 740w\" sizes=\"auto, (max-width: 2048px) 100vw, 2048px\" \/><figcaption class=\"wp-element-caption\"> Sch\u00fctzenwiese Nordb\u00f6gge &#8218;Am Bierkam&#8216; <\/figcaption><\/figure>\n\n\n\n<p class=\"wp-block-paragraph\">Mehrmals im Jahr wird die Nordb\u00f6gger Sch\u00fctzenwiese &#8218;Am Bierkamp&#8216; zum Mittelpunkt der Dorfgemeinschaft. Neben dem j\u00e4hrlichen Sch\u00fctzenfest des Sch\u00fctzenverein Nordb\u00f6gge 1851 e.V. findet hier auch das j\u00e4rhliche Osterfeuer des Sch\u00fctzenvereins, sowie das Bierk\u00f6nigschie\u00dfen der Avantgarde statt.<\/p>\n\n\n\n<figure class=\"wp-block-image is-resized\"><img loading=\"lazy\" decoding=\"async\" width=\"3264\" height=\"1836\" src=\"https:\/\/nordboegge.info\/wp-content\/uploads\/2018\/09\/schuetzenwiese-ostern.jpg\" alt=\"\" class=\"wp-image-425\" style=\"width:253px;height:142px\" srcset=\"https:\/\/nordboegge.info\/wp-content\/uploads\/2018\/09\/schuetzenwiese-ostern.jpg 3264w, https:\/\/nordboegge.info\/wp-content\/uploads\/2018\/09\/schuetzenwiese-ostern-300x169.jpg 300w, https:\/\/nordboegge.info\/wp-content\/uploads\/2018\/09\/schuetzenwiese-ostern-768x432.jpg 768w, https:\/\/nordboegge.info\/wp-content\/uploads\/2018\/09\/schuetzenwiese-ostern-1024x576.jpg 1024w, https:\/\/nordboegge.info\/wp-content\/uploads\/2018\/09\/schuetzenwiese-ostern-520x293.jpg 520w, https:\/\/nordboegge.info\/wp-content\/uploads\/2018\/09\/schuetzenwiese-ostern-740x416.jpg 740w\" sizes=\"auto, (max-width: 3264px) 100vw, 3264px\" \/><figcaption class=\"wp-element-caption\">Osterfeuer auf der Sch\u00fctzenwiese<\/figcaption><\/figure>\n","protected":false},"excerpt":{"rendered":"<p>Mehrmals im Jahr wird die Nordb\u00f6gger Sch\u00fctzenwiese &#8218;Am Bierkamp&#8216; zum Mittelpunkt der Dorfgemeinschaft. Neben dem j\u00e4hrlichen Sch\u00fctzenfest des Sch\u00fctzenverein Nordb\u00f6gge 1851 e.V. findet hier auch das j\u00e4rhliche Osterfeuer des Sch\u00fctzenvereins, sowie das Bierk\u00f6nigschie\u00dfen der Avantgarde statt.<\/p>\n","protected":false},"author":4,"featured_media":0,"parent":19,"menu_order":0,"comment_status":"closed","ping_status":"closed","template":"","meta":{"_crdt_document":"","footnotes":""},"class_list":["post-251","page","type-page","status-publish","hentry"],"_links":{"self":[{"href":"https:\/\/nordboegge.info\/index.php?rest_route=\/wp\/v2\/pages\/251","targetHints":{"allow":["GET"]}}],"collection":[{"href":"https:\/\/nordboegge.info\/index.php?rest_route=\/wp\/v2\/pages"}],"about":[{"href":"https:\/\/nordboegge.info\/index.php?rest_route=\/wp\/v2\/types\/page"}],"author":[{"embeddable":true,"href":"https:\/\/nordboegge.info\/index.php?rest_route=\/wp\/v2\/users\/4"}],"replies":[{"embeddable":true,"href":"https:\/\/nordboegge.info\/index.php?rest_route=%2Fwp%2Fv2%2Fcomments&post=251"}],"version-history":[{"count":1,"href":"https:\/\/nordboegge.info\/index.php?rest_route=\/wp\/v2\/pages\/251\/revisions"}],"predecessor-version":[{"id":1257,"href":"https:\/\/nordboegge.info\/index.php?rest_route=\/wp\/v2\/pages\/251\/revisions\/1257"}],"up":[{"embeddable":true,"href":"https:\/\/nordboegge.info\/index.php?rest_route=\/wp\/v2\/pages\/19"}],"wp:attachment":[{"href":"https:\/\/nordboegge.info\/index.php?rest_route=%2Fwp%2Fv2%2Fmedia&parent=251"}],"curies":[{"name":"wp","href":"https:\/\/api.w.org\/{rel}","templated":true}]}}