{"id":257,"date":"2018-08-16T09:40:18","date_gmt":"2018-08-16T07:40:18","guid":{"rendered":"https:\/\/nordboegge.info\/?page_id=257"},"modified":"2025-07-19T12:03:55","modified_gmt":"2025-07-19T10:03:55","slug":"st-elisabeth-kirche","status":"publish","type":"page","link":"https:\/\/nordboegge.info\/?page_id=257","title":{"rendered":"St. Elisabeth Kirche"},"content":{"rendered":"\n<div class=\"wp-block-buttons is-horizontal is-content-justification-center is-layout-flex wp-container-core-buttons-is-layout-b618d73c wp-block-buttons-is-layout-flex\">\n<div class=\"wp-block-button is-style-outline is-style-outline--1\"><a class=\"wp-block-button__link wp-element-button\" href=\"https:\/\/nordboegge.info\/?page_id=14\">&lt;-<\/a><\/div>\n\n\n\n<div class=\"wp-block-button is-style-outline is-style-outline--2\"><a class=\"wp-block-button__link wp-element-button\" href=\"https:\/\/nordboegge.info\/?page_id=19\">^<\/a><\/div>\n\n\n\n<div class=\"wp-block-button is-style-outline is-style-outline--3\"><a class=\"wp-block-button__link wp-element-button\" href=\"https:\/\/nordboegge.info\/?page_id=251\">-&gt;<\/a><\/div>\n<\/div>\n\n\n\n<p class=\"wp-block-paragraph\"><\/p>\n\n\n\n<figure class=\"wp-block-image\"><img loading=\"lazy\" decoding=\"async\" width=\"1200\" height=\"900\" src=\"https:\/\/nordboegge.info\/wp-content\/uploads\/2018\/09\/stelisabeth-01.jpg\" alt=\"\" class=\"wp-image-428\" srcset=\"https:\/\/nordboegge.info\/wp-content\/uploads\/2018\/09\/stelisabeth-01.jpg 1200w, https:\/\/nordboegge.info\/wp-content\/uploads\/2018\/09\/stelisabeth-01-300x225.jpg 300w, https:\/\/nordboegge.info\/wp-content\/uploads\/2018\/09\/stelisabeth-01-768x576.jpg 768w, https:\/\/nordboegge.info\/wp-content\/uploads\/2018\/09\/stelisabeth-01-1024x768.jpg 1024w, https:\/\/nordboegge.info\/wp-content\/uploads\/2018\/09\/stelisabeth-01-520x390.jpg 520w, https:\/\/nordboegge.info\/wp-content\/uploads\/2018\/09\/stelisabeth-01-740x555.jpg 740w\" sizes=\"auto, (max-width: 1200px) 100vw, 1200px\" \/><\/figure>\n\n\n\n<p class=\"wp-block-paragraph\">Rege Baut\u00e4tigkeit in Nordb\u00f6gge brachte es mit sich, dass die Einwohnerzahlen weiter stiegen. So wurde in Nordb\u00f6gge zun\u00e4chst in einem Raum in der Schule jeden zweiten Sonntag eine hl. Messe gefeiert, um den Katholiken den weiten Weg zur Pfarrkirche nach Altenb\u00f6gge zu ersparen. Dieses konnte kein Dauerzustand bleiben. Daher wurde im Jahr 1964 eine Filialkirche in Nordb\u00f6gge gebaut.<br><br>Heute&nbsp;wird diese Kirche weiterhin f\u00fcr&nbsp;Heilige Messen, Trauungen, etc.&nbsp;genutzt.<\/p>\n\n\n\n<figure class=\"wp-block-image is-resized\"><img loading=\"lazy\" decoding=\"async\" width=\"640\" height=\"480\" src=\"https:\/\/nordboegge.info\/wp-content\/uploads\/2018\/09\/stelisabeth-02.jpg\" alt=\"\" class=\"wp-image-429\" style=\"width:413px;height:310px\" srcset=\"https:\/\/nordboegge.info\/wp-content\/uploads\/2018\/09\/stelisabeth-02.jpg 640w, https:\/\/nordboegge.info\/wp-content\/uploads\/2018\/09\/stelisabeth-02-300x225.jpg 300w, https:\/\/nordboegge.info\/wp-content\/uploads\/2018\/09\/stelisabeth-02-520x390.jpg 520w\" sizes=\"auto, (max-width: 640px) 100vw, 640px\" \/><\/figure>\n\n\n\n<p class=\"wp-block-paragraph\">Quelle: Pastoralverbund B\u00f6nen-Heeren<br><\/p>\n","protected":false},"excerpt":{"rendered":"<p>Rege Baut\u00e4tigkeit in Nordb\u00f6gge brachte es mit sich, dass die Einwohnerzahlen weiter stiegen. So wurde in Nordb\u00f6gge zun\u00e4chst in einem Raum in der Schule jeden zweiten Sonntag eine hl. Messe gefeiert, um den Katholiken den weiten Weg zur Pfarrkirche nach &hellip; <a href=\"https:\/\/nordboegge.info\/?page_id=257\">Weiterlesen <span class=\"meta-nav\">&rarr;<\/span><\/a><\/p>\n","protected":false},"author":4,"featured_media":0,"parent":19,"menu_order":0,"comment_status":"closed","ping_status":"closed","template":"","meta":{"_crdt_document":"","footnotes":""},"class_list":["post-257","page","type-page","status-publish","hentry"],"_links":{"self":[{"href":"https:\/\/nordboegge.info\/index.php?rest_route=\/wp\/v2\/pages\/257","targetHints":{"allow":["GET"]}}],"collection":[{"href":"https:\/\/nordboegge.info\/index.php?rest_route=\/wp\/v2\/pages"}],"about":[{"href":"https:\/\/nordboegge.info\/index.php?rest_route=\/wp\/v2\/types\/page"}],"author":[{"embeddable":true,"href":"https:\/\/nordboegge.info\/index.php?rest_route=\/wp\/v2\/users\/4"}],"replies":[{"embeddable":true,"href":"https:\/\/nordboegge.info\/index.php?rest_route=%2Fwp%2Fv2%2Fcomments&post=257"}],"version-history":[{"count":2,"href":"https:\/\/nordboegge.info\/index.php?rest_route=\/wp\/v2\/pages\/257\/revisions"}],"predecessor-version":[{"id":1256,"href":"https:\/\/nordboegge.info\/index.php?rest_route=\/wp\/v2\/pages\/257\/revisions\/1256"}],"up":[{"embeddable":true,"href":"https:\/\/nordboegge.info\/index.php?rest_route=\/wp\/v2\/pages\/19"}],"wp:attachment":[{"href":"https:\/\/nordboegge.info\/index.php?rest_route=%2Fwp%2Fv2%2Fmedia&parent=257"}],"curies":[{"name":"wp","href":"https:\/\/api.w.org\/{rel}","templated":true}]}}