{"id":259,"date":"2018-08-16T09:40:48","date_gmt":"2018-08-16T07:40:48","guid":{"rendered":"https:\/\/nordboegge.info\/?page_id=259"},"modified":"2025-07-19T12:22:46","modified_gmt":"2025-07-19T10:22:46","slug":"bahnhof","status":"publish","type":"page","link":"https:\/\/nordboegge.info\/?page_id=259","title":{"rendered":"Bahnhof"},"content":{"rendered":"\n<div class=\"wp-block-buttons is-horizontal is-content-justification-center is-layout-flex wp-container-core-buttons-is-layout-b618d73c wp-block-buttons-is-layout-flex\">\n<div class=\"wp-block-button is-style-outline is-style-outline--1\"><a class=\"wp-block-button__link wp-element-button\" href=\"https:\/\/nordboegge.info\/?page_id=10\">&lt;-<\/a><\/div>\n\n\n\n<div class=\"wp-block-button is-style-outline is-style-outline--2\"><a class=\"wp-block-button__link wp-element-button\" href=\"https:\/\/nordboegge.info\/?page_id=19\">^<\/a><\/div>\n\n\n\n<div class=\"wp-block-button is-style-outline is-style-outline--3\"><a class=\"wp-block-button__link wp-element-button\" href=\"https:\/\/nordboegge.info\/?page_id=261\">-&gt;<\/a><\/div>\n<\/div>\n\n\n\n<p class=\"wp-block-paragraph\"><\/p>\n\n\n\n<figure class=\"wp-block-image size-full\"><img loading=\"lazy\" decoding=\"async\" width=\"678\" height=\"381\" src=\"https:\/\/nordboegge.info\/wp-content\/uploads\/2025\/07\/Bahnhof-Nordboegge-1908.jpg\" alt=\"\" class=\"wp-image-1240\" srcset=\"https:\/\/nordboegge.info\/wp-content\/uploads\/2025\/07\/Bahnhof-Nordboegge-1908.jpg 678w, https:\/\/nordboegge.info\/wp-content\/uploads\/2025\/07\/Bahnhof-Nordboegge-1908-300x169.jpg 300w\" sizes=\"auto, (max-width: 678px) 100vw, 678px\" \/><figcaption class=\"wp-element-caption\">Der alte Bahnhof Nordb\u00f6gge um 1908. Im Hintergrund das ehemalige &#8222;Gasthaus am Bahnhof&#8220;. Das Bild wurde nachtr\u00e4glich coloriert. Abb.: \u00a9 Friedrich N\u00f6lle<\/figcaption><\/figure>\n\n\n\n<p class=\"wp-block-paragraph\">Im Jahr 1883 kam der Wunsch aus verschiedenen Kreisen der Bev\u00f6lkerung, der Wirtschaft, der Stadt Kamen und des Amtes Pelkum, in Nordb\u00f6gge eine Personenhaltestelle zu errichten. Die K\u00f6ln-Mindener Eisenbahn existierte bereits seit 1847, es gab aber in Nordb\u00f6gge keinen Haltepunkt. Der preu\u00dfische Innenminister genehmigte das Vorhaben mit der Ma\u00dfgabe, dass ein Eigenkostenanteil von 1.000 Mark eingebracht werden mu\u00dfte. Mit der Sammlung dieses Baukostenanteils wurde der Kamener B\u00fcrgermeister v. Basse betraut. Die Gr\u00f6\u00dfe des notwendigen Grundst\u00fcckes hatte 850 qm zu betragen.<\/p>\n\n\n\n<p class=\"wp-block-paragraph\">Zwei Jahre sp\u00e4ter, 1885, konnte dann ein Geb\u00e4ude mit Fahrkartenausgabe, Gep\u00e4ckabfertigung und Warteraum seiner Bestimmung \u00fcbergeben werden. 1897 wurde in unmittelbarer N\u00e4he das ,,Gasthaus am Bahnhof\u201c errichtet, in dem man sich vor und nach der Bahnfahrt st\u00e4rken konnte. Heute dient das ehemalige Gastst\u00e4ttengeb\u00e4ude als Wohnhaus.<\/p>\n\n\n\n<p class=\"wp-block-paragraph\">Um auch G\u00fcter mit der Eisenbahn transportieren lassen zu k\u00f6nnen, wurde im Juli 1913 im Gemeinderat die Einrichtung eines G\u00fcterbahnhofs beschlossen. Aufgrund der hohen Kosten f\u00fcr den erforderlichen Grunderwerb sowie des im August 1914 beginnenden Ersten Weltkrieges, konnte dieses Projekt nicht realisiert werden.<\/p>\n\n\n\n<p class=\"wp-block-paragraph\">Infolge der umfangreichen Einsparungsma\u00dfnahmen der Deutschen Bundesbahn wurde zum 1.10.1966 der Schalter- und Zugabfertigungsdienst in Nordb\u00f6gge eingestellt. Im Juni 1981 schlie\u00dflich wurden s\u00e4mtliche Geb\u00e4ude des Bahnhofs Nordb\u00f6gge abgerissen. Im Jahr 2002 wurde der Bahn\u00fcbergang durch eine Ortsumgehungsstra\u00dfe ersetzt, die von der Autobahnauffahrt B\u00f6nen bis nach Pelkum f\u00fchrt, Fu\u00dfg\u00e4nger k\u00f6nnen die Bahnlinie mithilfe einer neu errichteten Br\u00fccke \u00fcberqueren.<\/p>\n\n\n\n<figure class=\"wp-block-image\"><img loading=\"lazy\" decoding=\"async\" width=\"1024\" height=\"683\" src=\"https:\/\/nordboegge.info\/wp-content\/uploads\/2018\/09\/Bahnhof_Nordboegge.jpg\" alt=\"\" class=\"wp-image-416\" srcset=\"https:\/\/nordboegge.info\/wp-content\/uploads\/2018\/09\/Bahnhof_Nordboegge.jpg 1024w, https:\/\/nordboegge.info\/wp-content\/uploads\/2018\/09\/Bahnhof_Nordboegge-300x200.jpg 300w, https:\/\/nordboegge.info\/wp-content\/uploads\/2018\/09\/Bahnhof_Nordboegge-768x512.jpg 768w, https:\/\/nordboegge.info\/wp-content\/uploads\/2018\/09\/Bahnhof_Nordboegge-390x260.jpg 390w, https:\/\/nordboegge.info\/wp-content\/uploads\/2018\/09\/Bahnhof_Nordboegge-520x347.jpg 520w, https:\/\/nordboegge.info\/wp-content\/uploads\/2018\/09\/Bahnhof_Nordboegge-740x494.jpg 740w\" sizes=\"auto, (max-width: 1024px) 100vw, 1024px\" \/><\/figure>\n\n\n\n<p class=\"has-regular-font-size wp-block-paragraph\"><\/p>\n","protected":false},"excerpt":{"rendered":"<p>Im Jahr 1883 kam der Wunsch aus verschiedenen Kreisen der Bev\u00f6lkerung, der Wirtschaft, der Stadt Kamen und des Amtes Pelkum, in Nordb\u00f6gge eine Personenhaltestelle zu errichten. Die K\u00f6ln-Mindener Eisenbahn existierte bereits seit 1847, es gab aber in Nordb\u00f6gge keinen Haltepunkt. &hellip; <a href=\"https:\/\/nordboegge.info\/?page_id=259\">Weiterlesen <span class=\"meta-nav\">&rarr;<\/span><\/a><\/p>\n","protected":false},"author":4,"featured_media":0,"parent":19,"menu_order":0,"comment_status":"closed","ping_status":"closed","template":"","meta":{"_crdt_document":"","footnotes":""},"class_list":["post-259","page","type-page","status-publish","hentry"],"_links":{"self":[{"href":"https:\/\/nordboegge.info\/index.php?rest_route=\/wp\/v2\/pages\/259","targetHints":{"allow":["GET"]}}],"collection":[{"href":"https:\/\/nordboegge.info\/index.php?rest_route=\/wp\/v2\/pages"}],"about":[{"href":"https:\/\/nordboegge.info\/index.php?rest_route=\/wp\/v2\/types\/page"}],"author":[{"embeddable":true,"href":"https:\/\/nordboegge.info\/index.php?rest_route=\/wp\/v2\/users\/4"}],"replies":[{"embeddable":true,"href":"https:\/\/nordboegge.info\/index.php?rest_route=%2Fwp%2Fv2%2Fcomments&post=259"}],"version-history":[{"count":3,"href":"https:\/\/nordboegge.info\/index.php?rest_route=\/wp\/v2\/pages\/259\/revisions"}],"predecessor-version":[{"id":1274,"href":"https:\/\/nordboegge.info\/index.php?rest_route=\/wp\/v2\/pages\/259\/revisions\/1274"}],"up":[{"embeddable":true,"href":"https:\/\/nordboegge.info\/index.php?rest_route=\/wp\/v2\/pages\/19"}],"wp:attachment":[{"href":"https:\/\/nordboegge.info\/index.php?rest_route=%2Fwp%2Fv2%2Fmedia&parent=259"}],"curies":[{"name":"wp","href":"https:\/\/api.w.org\/{rel}","templated":true}]}}