{"id":261,"date":"2018-08-16T09:41:18","date_gmt":"2018-08-16T07:41:18","guid":{"rendered":"https:\/\/nordboegge.info\/?page_id=261"},"modified":"2025-07-19T12:25:37","modified_gmt":"2025-07-19T10:25:37","slug":"gaststaette-doernemann","status":"publish","type":"page","link":"https:\/\/nordboegge.info\/?page_id=261","title":{"rendered":"Gastst\u00e4tte D\u00f6rnemann"},"content":{"rendered":"\n<div class=\"wp-block-buttons is-horizontal is-content-justification-center is-layout-flex wp-container-core-buttons-is-layout-b618d73c wp-block-buttons-is-layout-flex\">\n<div class=\"wp-block-button is-style-outline is-style-outline--1\"><a class=\"wp-block-button__link wp-element-button\" href=\"https:\/\/nordboegge.info\/?page_id=259\">&lt;-<\/a><\/div>\n\n\n\n<div class=\"wp-block-button is-style-outline is-style-outline--2\"><a class=\"wp-block-button__link wp-element-button\" href=\"https:\/\/nordboegge.info\/?page_id=19\">^<\/a><\/div>\n\n\n\n<div class=\"wp-block-button is-style-outline is-style-outline--3\"><a class=\"wp-block-button__link wp-element-button\" href=\"https:\/\/nordboegge.info\/?page_id=255\">-&gt;<\/a><\/div>\n<\/div>\n\n\n\n<p class=\"has-text-align-right wp-block-paragraph\"><br><a href=\"https:\/\/gaststaette-doernemann.de\/\" target=\"_blank\" rel=\"noreferrer noopener\">Direkt zur Webseite der Gastst\u00e4tte D\u00f6rnemann<\/a><\/p>\n\n\n\n<figure class=\"wp-block-image size-large\"><img loading=\"lazy\" decoding=\"async\" width=\"1024\" height=\"551\" src=\"https:\/\/nordboegge.info\/wp-content\/uploads\/2025\/07\/doernemann-1024x551.jpg\" alt=\"\" class=\"wp-image-1242\" srcset=\"https:\/\/nordboegge.info\/wp-content\/uploads\/2025\/07\/doernemann-1024x551.jpg 1024w, https:\/\/nordboegge.info\/wp-content\/uploads\/2025\/07\/doernemann-300x161.jpg 300w, https:\/\/nordboegge.info\/wp-content\/uploads\/2025\/07\/doernemann-768x413.jpg 768w, https:\/\/nordboegge.info\/wp-content\/uploads\/2025\/07\/doernemann.jpg 1321w\" sizes=\"auto, (max-width: 1024px) 100vw, 1024px\" \/><\/figure>\n\n\n\n<p class=\"wp-block-paragraph\">Die Gastst\u00e4tte D\u00f6rnemann blickt mit Stolz auf eine \u00fcber 160-j\u00e4hrige Tradition zur\u00fcck: Die erste Konzession wurde bereits im Jahr 1848 vergeben. Der Bau des heutigen Haupthauses erfolgte 1860, seitdem befindet sich die Gastst\u00e4tte in Familienbesitz.<\/p>\n\n\n<div class=\"wp-block-image\">\n<figure class=\"aligncenter size-full\"><img loading=\"lazy\" decoding=\"async\" width=\"570\" height=\"332\" src=\"https:\/\/nordboegge.info\/wp-content\/uploads\/2025\/07\/doernemann-traditionen01.png\" alt=\"\" class=\"wp-image-1244\" srcset=\"https:\/\/nordboegge.info\/wp-content\/uploads\/2025\/07\/doernemann-traditionen01.png 570w, https:\/\/nordboegge.info\/wp-content\/uploads\/2025\/07\/doernemann-traditionen01-300x175.png 300w\" sizes=\"auto, (max-width: 570px) 100vw, 570px\" \/><figcaption class=\"wp-element-caption\"><em>Gastst\u00e4tte mit St\u00e4llen und Saal, vorne links der kleine Lebensmittelladen<\/em><\/figcaption><\/figure>\n<\/div>\n\n\n<p class=\"wp-block-paragraph\">1956 kommt Karl-Heinz D\u00f6rnemann als 14-j\u00e4hriger nach Nordb\u00f6gge. Die Gastst\u00e4tte \u2013 damals noch mit Lebensmittelladen zusammen \u2013 geh\u00f6rt seinem Opa Gustav Vockelmann und dessen Frau Johanna. Nach dem Tod von Gustav \u00fcbernimmt Johanna das Zepter, tatkr\u00e4ftig unterst\u00fctzt von Karl-Heinz. In den 70er Jahren \u00fcbergibt Johanna das Gesch\u00e4ft vollst\u00e4ndig an Karl-Heinz. Es erfolgt ein gro\u00dfer Umbau, der 1978 fertiggestellt wird. Ein Gastraum mit 50 Sitzpl\u00e4tzen kommt hinzu.<\/p>\n\n\n<div class=\"wp-block-image\">\n<figure class=\"aligncenter size-full\"><img loading=\"lazy\" decoding=\"async\" width=\"570\" height=\"332\" src=\"https:\/\/nordboegge.info\/wp-content\/uploads\/2025\/07\/doernemann-traditionen05.png\" alt=\"\" class=\"wp-image-1243\" srcset=\"https:\/\/nordboegge.info\/wp-content\/uploads\/2025\/07\/doernemann-traditionen05.png 570w, https:\/\/nordboegge.info\/wp-content\/uploads\/2025\/07\/doernemann-traditionen05-300x175.png 300w\" sizes=\"auto, (max-width: 570px) 100vw, 570px\" \/><figcaption class=\"wp-element-caption\"><em>Gastst\u00e4tte ab 1978<\/em><\/figcaption><\/figure>\n<\/div>\n\n\n<p class=\"wp-block-paragraph\">Karl-Heinz D\u00f6rnemann bekommt mit seiner Frau Erika drei T\u00f6chter. Wie in einem echten Familienbetrieb packen alle mit an und bleiben auch als sie eigene Familien gr\u00fcnden in der N\u00e4he. Die j\u00fcngste Tochter Ute zieht es ganz zur\u00fcck nach Nordb\u00f6gge. Zusammen mit ihrem Mann Torsten \u00fcbernimmt sie 2011 das Gesch\u00e4ft des Vaters.<\/p>\n\n\n\n<p class=\"wp-block-paragraph\"><em>Quelle: Internetauftritt der Gastst\u00e4tte D\u00f6rnemann<\/em><\/p>\n\n\n\n<p class=\"wp-block-paragraph\"><\/p>\n\n\n\n<p class=\"wp-block-paragraph\"><\/p>\n","protected":false},"excerpt":{"rendered":"<p>Direkt zur Webseite der Gastst\u00e4tte D\u00f6rnemann Die Gastst\u00e4tte D\u00f6rnemann blickt mit Stolz auf eine \u00fcber 160-j\u00e4hrige Tradition zur\u00fcck: Die erste Konzession wurde bereits im Jahr 1848 vergeben. Der Bau des heutigen Haupthauses erfolgte 1860, seitdem befindet sich die Gastst\u00e4tte in &hellip; <a href=\"https:\/\/nordboegge.info\/?page_id=261\">Weiterlesen <span class=\"meta-nav\">&rarr;<\/span><\/a><\/p>\n","protected":false},"author":4,"featured_media":0,"parent":19,"menu_order":0,"comment_status":"closed","ping_status":"closed","template":"","meta":{"_crdt_document":"","footnotes":""},"class_list":["post-261","page","type-page","status-publish","hentry"],"_links":{"self":[{"href":"https:\/\/nordboegge.info\/index.php?rest_route=\/wp\/v2\/pages\/261","targetHints":{"allow":["GET"]}}],"collection":[{"href":"https:\/\/nordboegge.info\/index.php?rest_route=\/wp\/v2\/pages"}],"about":[{"href":"https:\/\/nordboegge.info\/index.php?rest_route=\/wp\/v2\/types\/page"}],"author":[{"embeddable":true,"href":"https:\/\/nordboegge.info\/index.php?rest_route=\/wp\/v2\/users\/4"}],"replies":[{"embeddable":true,"href":"https:\/\/nordboegge.info\/index.php?rest_route=%2Fwp%2Fv2%2Fcomments&post=261"}],"version-history":[{"count":3,"href":"https:\/\/nordboegge.info\/index.php?rest_route=\/wp\/v2\/pages\/261\/revisions"}],"predecessor-version":[{"id":1276,"href":"https:\/\/nordboegge.info\/index.php?rest_route=\/wp\/v2\/pages\/261\/revisions\/1276"}],"up":[{"embeddable":true,"href":"https:\/\/nordboegge.info\/index.php?rest_route=\/wp\/v2\/pages\/19"}],"wp:attachment":[{"href":"https:\/\/nordboegge.info\/index.php?rest_route=%2Fwp%2Fv2%2Fmedia&parent=261"}],"curies":[{"name":"wp","href":"https:\/\/api.w.org\/{rel}","templated":true}]}}