{"id":263,"date":"2018-08-16T09:42:31","date_gmt":"2018-08-16T07:42:31","guid":{"rendered":"https:\/\/nordboegge.info\/?page_id=263"},"modified":"2025-07-19T12:06:32","modified_gmt":"2025-07-19T10:06:32","slug":"kommunalfriedhof","status":"publish","type":"page","link":"https:\/\/nordboegge.info\/?page_id=263","title":{"rendered":"Kommunalfriedhof"},"content":{"rendered":"\n<div class=\"wp-block-buttons is-horizontal is-content-justification-center is-layout-flex wp-container-core-buttons-is-layout-b618d73c wp-block-buttons-is-layout-flex\">\n<div class=\"wp-block-button is-style-outline is-style-outline--1\"><a class=\"wp-block-button__link wp-element-button\" href=\"https:\/\/nordboegge.info\/?page_id=12\">&lt;-<\/a><\/div>\n\n\n\n<div class=\"wp-block-button is-style-outline is-style-outline--2\"><a class=\"wp-block-button__link wp-element-button\" href=\"https:\/\/nordboegge.info\/?page_id=19\">^<\/a><\/div>\n\n\n\n<div class=\"wp-block-button is-style-outline is-style-outline--3\"><a class=\"wp-block-button__link wp-element-button\" href=\"https:\/\/nordboegge.info\/?page_id=10\">-&gt;<\/a><\/div>\n<\/div>\n\n\n\n<p class=\"wp-block-paragraph\"><\/p>\n\n\n\n<figure class=\"wp-block-image\"><img loading=\"lazy\" decoding=\"async\" width=\"640\" height=\"480\" src=\"https:\/\/nordboegge.info\/wp-content\/uploads\/2018\/09\/080976_a9c09ef6.jpg\" alt=\"\" class=\"wp-image-418\" srcset=\"https:\/\/nordboegge.info\/wp-content\/uploads\/2018\/09\/080976_a9c09ef6.jpg 640w, https:\/\/nordboegge.info\/wp-content\/uploads\/2018\/09\/080976_a9c09ef6-300x225.jpg 300w, https:\/\/nordboegge.info\/wp-content\/uploads\/2018\/09\/080976_a9c09ef6-520x390.jpg 520w\" sizes=\"auto, (max-width: 640px) 100vw, 640px\" \/><figcaption class=\"wp-element-caption\"> <strong>Trauerhalle Friedhof Nordb\u00f6gge<\/strong> <\/figcaption><\/figure>\n\n\n\n<p class=\"wp-block-paragraph\">Seit Januar 2016 ist die Trauerhalle auf dem Komunalfriedhof im Besitz des Bestattungshaus Schulte.<br>Unterst\u00fctzt durch Spendengelder wurde die Trauerhallte duch Bestatter Martin Schulte umfassend Renoviert.<br>Neue Fenster und T\u00fcren, ein anders Heizsystem sowie rundum verbesserte sanit\u00e4re Anlagen lassen die Trauerhalle im neuem Glanz erstrahlen.<\/p>\n\n\n<div class=\"wp-block-image\">\n<figure class=\"alignright is-resized\"><img loading=\"lazy\" decoding=\"async\" width=\"960\" height=\"720\" src=\"https:\/\/nordboegge.info\/wp-content\/uploads\/2018\/09\/12143233_1205757259442025_8123325004575324217_n.jpg\" alt=\"\" class=\"wp-image-420\" style=\"width:231px;height:173px\" srcset=\"https:\/\/nordboegge.info\/wp-content\/uploads\/2018\/09\/12143233_1205757259442025_8123325004575324217_n.jpg 960w, https:\/\/nordboegge.info\/wp-content\/uploads\/2018\/09\/12143233_1205757259442025_8123325004575324217_n-300x225.jpg 300w, https:\/\/nordboegge.info\/wp-content\/uploads\/2018\/09\/12143233_1205757259442025_8123325004575324217_n-768x576.jpg 768w, https:\/\/nordboegge.info\/wp-content\/uploads\/2018\/09\/12143233_1205757259442025_8123325004575324217_n-520x390.jpg 520w, https:\/\/nordboegge.info\/wp-content\/uploads\/2018\/09\/12143233_1205757259442025_8123325004575324217_n-740x555.jpg 740w\" sizes=\"auto, (max-width: 960px) 100vw, 960px\" \/><figcaption class=\"wp-element-caption\"> <br>Die Trauerhalle auf dem Friedhof Nordb\u00f6gge wird in den Abendstunden eindrucksvoll Beleuchtet! <\/figcaption><\/figure>\n<\/div>","protected":false},"excerpt":{"rendered":"<p>Seit Januar 2016 ist die Trauerhalle auf dem Komunalfriedhof im Besitz des Bestattungshaus Schulte.Unterst\u00fctzt durch Spendengelder wurde die Trauerhallte duch Bestatter Martin Schulte umfassend Renoviert.Neue Fenster und T\u00fcren, ein anders Heizsystem sowie rundum verbesserte sanit\u00e4re Anlagen lassen die Trauerhalle im &hellip; <a href=\"https:\/\/nordboegge.info\/?page_id=263\">Weiterlesen <span class=\"meta-nav\">&rarr;<\/span><\/a><\/p>\n","protected":false},"author":4,"featured_media":0,"parent":19,"menu_order":0,"comment_status":"closed","ping_status":"closed","template":"","meta":{"_crdt_document":"","footnotes":""},"class_list":["post-263","page","type-page","status-publish","hentry"],"_links":{"self":[{"href":"https:\/\/nordboegge.info\/index.php?rest_route=\/wp\/v2\/pages\/263","targetHints":{"allow":["GET"]}}],"collection":[{"href":"https:\/\/nordboegge.info\/index.php?rest_route=\/wp\/v2\/pages"}],"about":[{"href":"https:\/\/nordboegge.info\/index.php?rest_route=\/wp\/v2\/types\/page"}],"author":[{"embeddable":true,"href":"https:\/\/nordboegge.info\/index.php?rest_route=\/wp\/v2\/users\/4"}],"replies":[{"embeddable":true,"href":"https:\/\/nordboegge.info\/index.php?rest_route=%2Fwp%2Fv2%2Fcomments&post=263"}],"version-history":[{"count":1,"href":"https:\/\/nordboegge.info\/index.php?rest_route=\/wp\/v2\/pages\/263\/revisions"}],"predecessor-version":[{"id":1259,"href":"https:\/\/nordboegge.info\/index.php?rest_route=\/wp\/v2\/pages\/263\/revisions\/1259"}],"up":[{"embeddable":true,"href":"https:\/\/nordboegge.info\/index.php?rest_route=\/wp\/v2\/pages\/19"}],"wp:attachment":[{"href":"https:\/\/nordboegge.info\/index.php?rest_route=%2Fwp%2Fv2%2Fmedia&parent=263"}],"curies":[{"name":"wp","href":"https:\/\/api.w.org\/{rel}","templated":true}]}}