{"id":269,"date":"2018-08-16T11:13:59","date_gmt":"2018-08-16T09:13:59","guid":{"rendered":"https:\/\/nordboegge.info\/?page_id=269"},"modified":"2025-07-19T12:33:13","modified_gmt":"2025-07-19T10:33:13","slug":"freiwillige-feuerwehr-boenen","status":"publish","type":"page","link":"https:\/\/nordboegge.info\/?page_id=269","title":{"rendered":"Freiwillige Feuerwehr B\u00f6nen"},"content":{"rendered":"<div class=\"wp-block-image\">\n<figure class=\"alignleft is-resized\"><img loading=\"lazy\" decoding=\"async\" width=\"700\" height=\"828\" src=\"https:\/\/nordboegge.info\/wp-content\/uploads\/2018\/09\/feuerwehr.jpg\" alt=\"\" class=\"wp-image-544\" style=\"width:114px;height:135px\" srcset=\"https:\/\/nordboegge.info\/wp-content\/uploads\/2018\/09\/feuerwehr.jpg 700w, https:\/\/nordboegge.info\/wp-content\/uploads\/2018\/09\/feuerwehr-254x300.jpg 254w, https:\/\/nordboegge.info\/wp-content\/uploads\/2018\/09\/feuerwehr-520x615.jpg 520w\" sizes=\"auto, (max-width: 700px) 100vw, 700px\" \/><\/figure>\n<\/div>\n\n\n<p class=\"wp-block-paragraph\">Die Gemeinde B\u00f6nen hat den Brandschutz f\u00fcr die gesamte Bev\u00f6lkerung im Gemeindegebiet sicherzustellen. Daf\u00fcr sorgen die Mitglieder der Freiwilligen Feuerwehr B\u00f6nen an 365 Tagen rund um die Uhr. <br>Die erforderlichen Fahrzeuge sowie das technische Ger\u00e4t stehen den in zwei L\u00f6schz\u00fcgen aufgeteilten ehrenamtlichen Feuerwehrmitgliedern f\u00fcr ihre Eins\u00e4tze zur Verf\u00fcgung.<br><br>Hauptstandort des ersten L\u00f6schzugs ist die alte Schule in Nordb\u00f6gge am Meereweg.<\/p>\n\n\n\n<p class=\"has-text-align-center wp-block-paragraph\"><a href=\"https:\/\/www.feuerwehr-boenen.de\/\" target=\"_blank\"><strong>Internetseite der Freiwilligen Feuerwehr B\u00f6nen<\/strong><\/a><\/p>\n\n\n\n<figure class=\"wp-block-image\"><img loading=\"lazy\" decoding=\"async\" width=\"1440\" height=\"900\" src=\"https:\/\/nordboegge.info\/wp-content\/uploads\/2018\/09\/feuerwehr-banner.jpg\" alt=\"\" class=\"wp-image-546\" srcset=\"https:\/\/nordboegge.info\/wp-content\/uploads\/2018\/09\/feuerwehr-banner.jpg 1440w, https:\/\/nordboegge.info\/wp-content\/uploads\/2018\/09\/feuerwehr-banner-300x188.jpg 300w, https:\/\/nordboegge.info\/wp-content\/uploads\/2018\/09\/feuerwehr-banner-768x480.jpg 768w, https:\/\/nordboegge.info\/wp-content\/uploads\/2018\/09\/feuerwehr-banner-1024x640.jpg 1024w, https:\/\/nordboegge.info\/wp-content\/uploads\/2018\/09\/feuerwehr-banner-520x325.jpg 520w, https:\/\/nordboegge.info\/wp-content\/uploads\/2018\/09\/feuerwehr-banner-740x463.jpg 740w\" sizes=\"auto, (max-width: 1440px) 100vw, 1440px\" \/><\/figure>\n\n\n\n<p class=\"has-text-align-center wp-block-paragraph\"><\/p>\n","protected":false},"excerpt":{"rendered":"<p>Die Gemeinde B\u00f6nen hat den Brandschutz f\u00fcr die gesamte Bev\u00f6lkerung im Gemeindegebiet sicherzustellen. Daf\u00fcr sorgen die Mitglieder der Freiwilligen Feuerwehr B\u00f6nen an 365 Tagen rund um die Uhr. Die erforderlichen Fahrzeuge sowie das technische Ger\u00e4t stehen den in zwei L\u00f6schz\u00fcgen &hellip; <a href=\"https:\/\/nordboegge.info\/?page_id=269\">Weiterlesen <span class=\"meta-nav\">&rarr;<\/span><\/a><\/p>\n","protected":false},"author":4,"featured_media":0,"parent":35,"menu_order":0,"comment_status":"closed","ping_status":"closed","template":"","meta":{"_crdt_document":"","footnotes":""},"class_list":["post-269","page","type-page","status-publish","hentry"],"_links":{"self":[{"href":"https:\/\/nordboegge.info\/index.php?rest_route=\/wp\/v2\/pages\/269","targetHints":{"allow":["GET"]}}],"collection":[{"href":"https:\/\/nordboegge.info\/index.php?rest_route=\/wp\/v2\/pages"}],"about":[{"href":"https:\/\/nordboegge.info\/index.php?rest_route=\/wp\/v2\/types\/page"}],"author":[{"embeddable":true,"href":"https:\/\/nordboegge.info\/index.php?rest_route=\/wp\/v2\/users\/4"}],"replies":[{"embeddable":true,"href":"https:\/\/nordboegge.info\/index.php?rest_route=%2Fwp%2Fv2%2Fcomments&post=269"}],"version-history":[{"count":1,"href":"https:\/\/nordboegge.info\/index.php?rest_route=\/wp\/v2\/pages\/269\/revisions"}],"predecessor-version":[{"id":1282,"href":"https:\/\/nordboegge.info\/index.php?rest_route=\/wp\/v2\/pages\/269\/revisions\/1282"}],"up":[{"embeddable":true,"href":"https:\/\/nordboegge.info\/index.php?rest_route=\/wp\/v2\/pages\/35"}],"wp:attachment":[{"href":"https:\/\/nordboegge.info\/index.php?rest_route=%2Fwp%2Fv2%2Fmedia&parent=269"}],"curies":[{"name":"wp","href":"https:\/\/api.w.org\/{rel}","templated":true}]}}