{"id":499,"date":"2018-09-24T14:31:00","date_gmt":"2018-09-24T12:31:00","guid":{"rendered":"https:\/\/nordboegge.info\/?page_id=499"},"modified":"2025-07-19T12:28:35","modified_gmt":"2025-07-19T10:28:35","slug":"kita-immanuel","status":"publish","type":"page","link":"https:\/\/nordboegge.info\/?page_id=499","title":{"rendered":"KITA Immanuel"},"content":{"rendered":"\n<div class=\"wp-block-buttons is-horizontal is-content-justification-center is-layout-flex wp-container-core-buttons-is-layout-b618d73c wp-block-buttons-is-layout-flex\">\n<div class=\"wp-block-button is-style-outline is-style-outline--1\"><a class=\"wp-block-button__link wp-element-button\" href=\"https:\/\/nordboegge.info\/?page_id=255\">&lt;-<\/a><\/div>\n\n\n\n<div class=\"wp-block-button is-style-outline is-style-outline--2\"><a class=\"wp-block-button__link wp-element-button\" href=\"https:\/\/nordboegge.info\/?page_id=19\">^<\/a><\/div>\n\n\n\n<div class=\"wp-block-button is-style-outline is-style-outline--3\"><a class=\"wp-block-button__link wp-element-button\" href=\"https:\/\/nordboegge.info\/?page_id=253\">-&gt;<\/a><\/div>\n<\/div>\n\n\n\n<p class=\"wp-block-paragraph\"><\/p>\n\n\n\n<figure class=\"wp-block-image\"><img loading=\"lazy\" decoding=\"async\" width=\"1200\" height=\"675\" src=\"https:\/\/nordboegge.info\/wp-content\/uploads\/2018\/09\/kita01.jpg\" alt=\"\" class=\"wp-image-500\" srcset=\"https:\/\/nordboegge.info\/wp-content\/uploads\/2018\/09\/kita01.jpg 1200w, https:\/\/nordboegge.info\/wp-content\/uploads\/2018\/09\/kita01-300x169.jpg 300w, https:\/\/nordboegge.info\/wp-content\/uploads\/2018\/09\/kita01-768x432.jpg 768w, https:\/\/nordboegge.info\/wp-content\/uploads\/2018\/09\/kita01-1024x576.jpg 1024w, https:\/\/nordboegge.info\/wp-content\/uploads\/2018\/09\/kita01-520x293.jpg 520w, https:\/\/nordboegge.info\/wp-content\/uploads\/2018\/09\/kita01-740x416.jpg 740w\" sizes=\"auto, (max-width: 1200px) 100vw, 1200px\" \/><figcaption class=\"wp-element-caption\">KITA Immauel mit neuem Anbau&nbsp; &#8211; 2013<\/figcaption><\/figure>\n\n\n\n<p class=\"wp-block-paragraph\">Ende August 1989 ging der Bewilligungsbescheid vom Landesjugendamt in M\u00fcnster zur Errichtung eines zweiz\u00fcgigen Kindergartens mit 50 Pl\u00e4tzen in Nordb\u00f6gge bei der Kirchengemeinde ein. Der Antrag hierf\u00fcr war bereits im Jahre 1980 eingereicht, jedoch immer wieder wegen fehlender Mittel nicht genehmigt worden. Die gesamtkosten des Kindergartens belaufen sich auf etwa 960.000 DM, die zu 50% vom Land NRW und zu 25% vom Kreis Unna bezuschu\u00dft werden. Der Rest wird je zur H\u00e4lfte von der Kommunalgemeinde B\u00f6nen und dem Kirchenkreis Hamm \u00fcbernommen. Das Presbyterium erteilte den Auftrag zur Errichtung des Kindergartens an die Firma Ludwig in Hamm, Architekt war Herr Dunkel aus Hamm-Bochum-H\u00f6vel. Der Bau ging z\u00fcgig und reibungslos voran, so dass am 25.03.1990 bereits die Grundsteinlegung unter Beteiligung der Gemeinde stattfinden konnte.<br><\/p>\n\n\n<div class=\"wp-block-image is-resized\">\n<figure class=\"alignright\"><img loading=\"lazy\" decoding=\"async\" width=\"1105\" height=\"779\" src=\"https:\/\/nordboegge.info\/wp-content\/uploads\/2018\/09\/kita03.jpg\" alt=\"\" class=\"wp-image-501\" srcset=\"https:\/\/nordboegge.info\/wp-content\/uploads\/2018\/09\/kita03.jpg 1105w, https:\/\/nordboegge.info\/wp-content\/uploads\/2018\/09\/kita03-300x211.jpg 300w, https:\/\/nordboegge.info\/wp-content\/uploads\/2018\/09\/kita03-768x541.jpg 768w, https:\/\/nordboegge.info\/wp-content\/uploads\/2018\/09\/kita03-1024x722.jpg 1024w, https:\/\/nordboegge.info\/wp-content\/uploads\/2018\/09\/kita03-520x367.jpg 520w, https:\/\/nordboegge.info\/wp-content\/uploads\/2018\/09\/kita03-740x522.jpg 740w\" sizes=\"auto, (max-width: 1105px) 100vw, 1105px\" \/><figcaption class=\"wp-element-caption\">KITA Immanuel bei der Er\u00f6ffnung 1990<\/figcaption><\/figure>\n<\/div>\n\n\n<p class=\"wp-block-paragraph\">Am 11.11.1990 fand dann die offizielle Einweihung des Kindergartens, der den Namen \u201eImmanuel-Kindergarten Nordb\u00f6gge\u201c erhielt, statt. Mit einem Familiengottesdienst im Bonhoeffer-Haus begann der festliche Tag, an dem die Gemeinde und viele G\u00e4ste teilnahmen. Mit Test- und Liedbeitr\u00e4gen trugen die ganz im Mittelpunkt stehenden Kindergartenkinder mit zur Gestaltung bei.<\/p>\n\n\n\n<p class=\"wp-block-paragraph\"><em>Quelle: Geschichte der Evangelischen Kirchengemeinde B\u00f6nen<\/em><\/p>\n\n\n\n<p class=\"wp-block-paragraph\"><em><\/em><\/p>\n\n\n\n<p class=\"wp-block-paragraph\"><br><\/p>\n\n\n\n<p class=\"wp-block-paragraph\">2013 erhielt der Immanuel-Kindergarten Nordb\u00f6gge f\u00fcr den Ausbau der U3 Betreuung einen rund 60 Quadratmeter gro\u00dfen Anbau. Baustart war im Herbst 2012.<br>\u201eDarunter gibt es einen Schlafraum und einen Waschraum\u201c, erkl\u00e4rt Nina Dembinsky. \u201eEinen weiteren nutzen wir f\u00fcr die Morgen- oder Abschlusskreise der Kleinen.\u201c<br>Rund 180 000 Euro hatte der Evangelische Kirchenkreis Hamm f\u00fcr die Bauma\u00dfnahmen veranschlagt. Davon stellt das Land NRW 102 000 Euro im Rahmen seines Sonderprogramms zum Ausbau der Kitas f\u00fcr Kinder unter drei Jahren zur Verf\u00fcgung. \u201eRund 78 000 Euro bringen wir aus Eigenmitteln auf\u201c, erkl\u00e4rte Lena Lanza, Mitarbeiterin der Bauabteilung des Kreiskirchenamts. Im Herbst vergangenen Jahres hatte der Ausbau an der Hermannstra\u00dfe nach Genehmigung des Kreises Unna begonnen.<br>Zus\u00e4tzliche Mittel stellt der Kirchenkreis f\u00fcr die Renovierung der Kita bereit. \u201eDiese Arbeiten k\u00f6nnten in den kommenden Wochen fertig sein\u201c, sagte Pfarrer Detlev Belter. Unter anderem waren Innendecken wei\u00df gestrichen sowie die K\u00fcche und ein Teil der M\u00f6bel erneuert worden.<br>Ganz offiziell wurde das Geb\u00e4ude beim Gemeindefest im Sommer 2012 eingeweiht.<\/p>\n\n\n\n<figure class=\"wp-block-image size-full\"><img loading=\"lazy\" decoding=\"async\" width=\"969\" height=\"533\" src=\"https:\/\/nordboegge.info\/wp-content\/uploads\/2025\/07\/kita03.jpg\" alt=\"\" class=\"wp-image-1278\" srcset=\"https:\/\/nordboegge.info\/wp-content\/uploads\/2025\/07\/kita03.jpg 969w, https:\/\/nordboegge.info\/wp-content\/uploads\/2025\/07\/kita03-300x165.jpg 300w, https:\/\/nordboegge.info\/wp-content\/uploads\/2025\/07\/kita03-768x422.jpg 768w\" sizes=\"auto, (max-width: 969px) 100vw, 969px\" \/><figcaption class=\"wp-element-caption\"><em>KITA Immauel mit neuem Anbau \u2013 2018<\/em><\/figcaption><\/figure>\n\n\n\n<p class=\"wp-block-paragraph\">2018 R\u00fccken wieder die Bagger an.<br>Die Zahl der Kitapl\u00e4tze reicht in der Gemeinde nicht mehr aus, um den Bedarf abzudecken. Um den weiteren Bedarf zu decken soll auch die Kita Immanuel in Nordb\u00f6gge erweitert werden. \u201eWir sind schon l\u00e4nger mit der evangelischen Kirche in Gespr\u00e4chen. Inzwischen haben wir die Zusage, dass die Einrichtung mit einem weiteren Anbau von zwei auf drei Gruppen aufgestockt wird\u201c, erl\u00e4utert Sandra Wa\u00dfen, Leiterin des Fachbereiches Familie und Jugend beim Kreis.<br>425.000 Euro werden f\u00fcr die Erweiterung der Kita Immanuel veranschlagt. 180.000 Euro \u00fcbernimmt der Bund, die restlichen 245\u200a000 Euro tr\u00e4gt der Kreis beziehungsweise die Kommune.<\/p>\n","protected":false},"excerpt":{"rendered":"<p>Ende August 1989 ging der Bewilligungsbescheid vom Landesjugendamt in M\u00fcnster zur Errichtung eines zweiz\u00fcgigen Kindergartens mit 50 Pl\u00e4tzen in Nordb\u00f6gge bei der Kirchengemeinde ein. Der Antrag hierf\u00fcr war bereits im Jahre 1980 eingereicht, jedoch immer wieder wegen fehlender Mittel nicht &hellip; <a href=\"https:\/\/nordboegge.info\/?page_id=499\">Weiterlesen <span class=\"meta-nav\">&rarr;<\/span><\/a><\/p>\n","protected":false},"author":4,"featured_media":0,"parent":19,"menu_order":0,"comment_status":"closed","ping_status":"closed","template":"","meta":{"_crdt_document":"","footnotes":""},"class_list":["post-499","page","type-page","status-publish","hentry"],"_links":{"self":[{"href":"https:\/\/nordboegge.info\/index.php?rest_route=\/wp\/v2\/pages\/499","targetHints":{"allow":["GET"]}}],"collection":[{"href":"https:\/\/nordboegge.info\/index.php?rest_route=\/wp\/v2\/pages"}],"about":[{"href":"https:\/\/nordboegge.info\/index.php?rest_route=\/wp\/v2\/types\/page"}],"author":[{"embeddable":true,"href":"https:\/\/nordboegge.info\/index.php?rest_route=\/wp\/v2\/users\/4"}],"replies":[{"embeddable":true,"href":"https:\/\/nordboegge.info\/index.php?rest_route=%2Fwp%2Fv2%2Fcomments&post=499"}],"version-history":[{"count":3,"href":"https:\/\/nordboegge.info\/index.php?rest_route=\/wp\/v2\/pages\/499\/revisions"}],"predecessor-version":[{"id":1279,"href":"https:\/\/nordboegge.info\/index.php?rest_route=\/wp\/v2\/pages\/499\/revisions\/1279"}],"up":[{"embeddable":true,"href":"https:\/\/nordboegge.info\/index.php?rest_route=\/wp\/v2\/pages\/19"}],"wp:attachment":[{"href":"https:\/\/nordboegge.info\/index.php?rest_route=%2Fwp%2Fv2%2Fmedia&parent=499"}],"curies":[{"name":"wp","href":"https:\/\/api.w.org\/{rel}","templated":true}]}}