{"id":88,"date":"2018-08-09T09:15:24","date_gmt":"2018-08-09T09:15:24","guid":{"rendered":"https:\/\/nordboegge.info\/?page_id=88"},"modified":"2025-07-19T12:54:37","modified_gmt":"2025-07-19T10:54:37","slug":"impressum","status":"publish","type":"page","link":"https:\/\/nordboegge.info\/?page_id=88","title":{"rendered":"Impressum"},"content":{"rendered":"\n<p class=\"wp-block-paragraph\"><strong>Angaben gem\u00e4\u00df \u00a7 5 TMG<\/strong><br>Dorffreunde Nordb\u00f6gge 2010 e.V.<br>Meereweg 6<br>59199 B\u00f6nen<br><br>Vertreten durch: <br>Doris Cyplik<br>Dirk Brand<br><br>Kontakt:<br>E-Mail: &#100;o&#114;i&#115;&#46;&#x63;y&#x70;l&#x69;k&#x40;g&#x6d;x&#x2e;d&#x65;<br>E-Mail: &#x6e;&#111;r&#x64;&#x62;&#111;e&#x67;&#x67;&#101;r&#x64;&#x6f;&#114;f&#x40;&#x61;&#111;l&#x2e;&#99;&#111;m<br><\/p>\n\n\n\n<p class=\"has-regular-font-size wp-block-paragraph\"><strong>Registereintrag: <\/strong><br>Eintragung im Registergericht: Amtsgericht Hamm<br>Registernummer: VR 2376 <br><br><\/p>\n\n\n\n<p class=\"has-text-align-left has-regular-font-size wp-block-paragraph\"><strong>Verantwortlich f\u00fcr den Inhalt:<\/strong><\/p>\n\n\n\n<figure class=\"wp-block-image\"><img loading=\"lazy\" decoding=\"async\" width=\"304\" height=\"128\" src=\"https:\/\/nordboegge.info\/wp-content\/uploads\/2018\/08\/Adresse.jpg\" alt=\"\" class=\"wp-image-89\" srcset=\"https:\/\/nordboegge.info\/wp-content\/uploads\/2018\/08\/Adresse.jpg 304w, https:\/\/nordboegge.info\/wp-content\/uploads\/2018\/08\/Adresse-300x126.jpg 300w\" sizes=\"auto, (max-width: 304px) 100vw, 304px\" \/><\/figure>\n\n\n\n<p class=\"wp-block-paragraph\">&nbsp; <\/p>\n\n\n\n<p class=\"wp-block-paragraph\"><strong>Haftung f\u00fcr Inhalte<\/strong><\/p>\n\n\n\n<p class=\"wp-block-paragraph\">Die Inhalte unserer Seiten wurden mit gr\u00f6\u00dfter Sorgfalt erstellt. F\u00fcr die Richtigkeit, Vollst\u00e4ndigkeit und Aktualit\u00e4t \u00fcbernehmen wir keine Gew\u00e4hr. Als Diensteanbieter sind wir gem\u00e4\u00df \u00a7 7 Abs. 1 TMG f\u00fcr eigene Inhalte verantwortlich. Eine Haftung f\u00fcr fremde Inhalte besteht erst ab dem Zeitpunkt der Kenntnis einer konkreten Rechtsverletzung. Bei Bekanntwerden entsprechender Rechtsverletzungen werden wir diese Inhalte umgehend entfernen.<\/p>\n\n\n\n<p class=\"wp-block-paragraph\"><strong>Haftung f\u00fcr Links<\/strong><\/p>\n\n\n\n<p class=\"wp-block-paragraph\">Unsere Website enth\u00e4lt Links zu externen Webseiten Dritter, auf deren Inhalte wir keinen Einfluss haben. F\u00fcr diese fremden Inhalte \u00fcbernehmen wir keine Gew\u00e4hr. Bei Bekanntwerden von Rechtsverletzungen werden wir derartige Links umgehend entfernen.<\/p>\n\n\n\n<p class=\"wp-block-paragraph\"><strong>Urheberrecht<\/strong><\/p>\n\n\n\n<p class=\"wp-block-paragraph\">Die durch uns erstellten Inhalte und Werke auf dieser Website unterliegen dem deutschen Urheberrecht. Die Vervielf\u00e4ltigung oder Verbreitung bedarf der vorherigen schriftlichen Zustimmung. Inhalte Dritter werden als solche gekennzeichnet.<\/p>\n\n\n\n<p class=\"wp-block-paragraph\"><\/p>\n","protected":false},"excerpt":{"rendered":"<p>Angaben gem\u00e4\u00df \u00a7 5 TMGDorffreunde Nordb\u00f6gge 2010 e.V.Meereweg 659199 B\u00f6nen Vertreten durch: Doris CyplikDirk Brand Kontakt:E-Mail: &#100;&#x6f;r&#x69;&#x73;&#46;&#x63;y&#112;&#x6c;&#105;&#x6b;&#64;&#103;&#x6d;x&#x2e;d&#101;E-Mail: nordboeggerd&#111;&#114;&#102;&#64;&#97;&#111;&#108;&#46;&#99;&#111;&#109; Registereintrag: Eintragung im Registergericht: Amtsgericht HammRegisternummer: VR 2376 Verantwortlich f\u00fcr den Inhalt: &nbsp; Haftung f\u00fcr Inhalte Die Inhalte unserer Seiten wurden mit &hellip; <a href=\"https:\/\/nordboegge.info\/?page_id=88\">Weiterlesen <span class=\"meta-nav\">&rarr;<\/span><\/a><\/p>\n","protected":false},"author":4,"featured_media":0,"parent":0,"menu_order":0,"comment_status":"closed","ping_status":"closed","template":"","meta":{"_crdt_document":"","footnotes":""},"class_list":["post-88","page","type-page","status-publish","hentry"],"_links":{"self":[{"href":"https:\/\/nordboegge.info\/index.php?rest_route=\/wp\/v2\/pages\/88","targetHints":{"allow":["GET"]}}],"collection":[{"href":"https:\/\/nordboegge.info\/index.php?rest_route=\/wp\/v2\/pages"}],"about":[{"href":"https:\/\/nordboegge.info\/index.php?rest_route=\/wp\/v2\/types\/page"}],"author":[{"embeddable":true,"href":"https:\/\/nordboegge.info\/index.php?rest_route=\/wp\/v2\/users\/4"}],"replies":[{"embeddable":true,"href":"https:\/\/nordboegge.info\/index.php?rest_route=%2Fwp%2Fv2%2Fcomments&post=88"}],"version-history":[{"count":1,"href":"https:\/\/nordboegge.info\/index.php?rest_route=\/wp\/v2\/pages\/88\/revisions"}],"predecessor-version":[{"id":1303,"href":"https:\/\/nordboegge.info\/index.php?rest_route=\/wp\/v2\/pages\/88\/revisions\/1303"}],"wp:attachment":[{"href":"https:\/\/nordboegge.info\/index.php?rest_route=%2Fwp%2Fv2%2Fmedia&parent=88"}],"curies":[{"name":"wp","href":"https:\/\/api.w.org\/{rel}","templated":true}]}}